{"id":100113,"date":"2026-02-21T23:35:37","date_gmt":"2026-02-21T23:35:37","guid":{"rendered":"http:\/\/matchbaits.pt\/?post_type=product&#038;p=100113"},"modified":"2026-04-22T15:03:34","modified_gmt":"2026-04-22T15:03:34","slug":"suehiro-t143","status":"publish","type":"product","link":"https:\/\/sopesca.pt\/en\/product\/suehiro-t143\/","title":{"rendered":"Su\u00e9hiro T143"},"content":{"rendered":"<h2>Milo Su\u00e9hiro T143<\/h2>\n<p>&nbsp;<\/p>\n<p>Um anzol reto e polido com uma curva \u00fanica, uma ponta girada alta que \u00e9 quimicamente afiada com micro barbela.<\/p>\n<p>O anzol \u00e9 adequado para pescas a longas dist\u00e2ncias e quando as fases de recupera\u00e7\u00e3o s\u00e3o longas.<\/p>","protected":false},"excerpt":{"rendered":"<p>Milo Su\u00e9hiro T143 &nbsp; Um anzol reto e polido com uma curva \u00fanica, uma ponta girada alta que \u00e9 quimicamente afiada com micro barbela. O anzol \u00e9 adequado para pescas a longas dist\u00e2ncias e quando as fases de recupera\u00e7\u00e3o s\u00e3o longas.<\/p>","protected":false},"featured_media":49724,"comment_status":"open","ping_status":"closed","template":"","meta":{"_acf_changed":false},"product_brand":[111],"product_cat":[2289,2290],"product_tag":[],"class_list":{"0":"post-100113","1":"product","2":"type-product","3":"status-publish","4":"has-post-thumbnail","6":"product_brand-milo","7":"product_cat-fios-anzois-anzois-p-rio","8":"product_cat-fios-anzois","10":"first","11":"instock","12":"shipping-taxable","13":"purchasable","14":"product-type-variable"},"acf":[],"_links":{"self":[{"href":"https:\/\/sopesca.pt\/en\/wp-json\/wp\/v2\/product\/100113","targetHints":{"allow":["GET"]}}],"collection":[{"href":"https:\/\/sopesca.pt\/en\/wp-json\/wp\/v2\/product"}],"about":[{"href":"https:\/\/sopesca.pt\/en\/wp-json\/wp\/v2\/types\/product"}],"replies":[{"embeddable":true,"href":"https:\/\/sopesca.pt\/en\/wp-json\/wp\/v2\/comments?post=100113"}],"wp:featuredmedia":[{"embeddable":true,"href":"https:\/\/sopesca.pt\/en\/wp-json\/wp\/v2\/media\/49724"}],"wp:attachment":[{"href":"https:\/\/sopesca.pt\/en\/wp-json\/wp\/v2\/media?parent=100113"}],"wp:term":[{"taxonomy":"product_brand","embeddable":true,"href":"https:\/\/sopesca.pt\/en\/wp-json\/wp\/v2\/product_brand?post=100113"},{"taxonomy":"product_cat","embeddable":true,"href":"https:\/\/sopesca.pt\/en\/wp-json\/wp\/v2\/product_cat?post=100113"},{"taxonomy":"product_tag","embeddable":true,"href":"https:\/\/sopesca.pt\/en\/wp-json\/wp\/v2\/product_tag?post=100113"}],"curies":[{"name":"wp","href":"https:\/\/api.w.org\/{rel}","templated":true}]}}