{"id":100173,"date":"2026-02-21T23:35:46","date_gmt":"2026-02-21T23:35:46","guid":{"rendered":"http:\/\/matchbaits.pt\/?post_type=product&#038;p=100173"},"modified":"2026-03-02T22:48:41","modified_gmt":"2026-03-02T22:48:41","slug":"serie-50","status":"publish","type":"product","link":"https:\/\/sopesca.pt\/en\/product\/serie-50\/","title":{"rendered":"Serie 50"},"content":{"rendered":"<h2>Anz\u00f3is Serie 50<\/h2>\n<p>&nbsp;<\/p>\n<p>Com uma haste m\u00e9dia, ponta c\u00f3nica e barbela reduzida, fio redondo ligeiramente torcido para melhor penetra\u00e7\u00e3o para manter a presa.<\/p>\n<p>Excelente para a pesca \u00e0 Bolonhesa, para peixes grandes, tanto em \u00e1guas doces como no mar.<\/p>","protected":false},"excerpt":{"rendered":"<p>Anz\u00f3is Serie 50 &nbsp; Com uma haste m\u00e9dia, ponta c\u00f3nica e barbela reduzida, fio redondo ligeiramente torcido para melhor penetra\u00e7\u00e3o para manter a presa. Excelente para a pesca \u00e0 Bolonhesa, para peixes grandes, tanto em \u00e1guas doces como no mar.<\/p>","protected":false},"featured_media":25334,"comment_status":"open","ping_status":"closed","template":"","meta":{"_acf_changed":false},"product_brand":[112],"product_cat":[2289,2290],"product_tag":[],"class_list":{"0":"post-100173","1":"product","2":"type-product","3":"status-publish","4":"has-post-thumbnail","6":"product_brand-tubertini","7":"product_cat-fios-anzois-anzois-p-rio","8":"product_cat-fios-anzois","10":"first","11":"instock","12":"shipping-taxable","13":"purchasable","14":"product-type-variable"},"acf":[],"_links":{"self":[{"href":"https:\/\/sopesca.pt\/en\/wp-json\/wp\/v2\/product\/100173","targetHints":{"allow":["GET"]}}],"collection":[{"href":"https:\/\/sopesca.pt\/en\/wp-json\/wp\/v2\/product"}],"about":[{"href":"https:\/\/sopesca.pt\/en\/wp-json\/wp\/v2\/types\/product"}],"replies":[{"embeddable":true,"href":"https:\/\/sopesca.pt\/en\/wp-json\/wp\/v2\/comments?post=100173"}],"wp:featuredmedia":[{"embeddable":true,"href":"https:\/\/sopesca.pt\/en\/wp-json\/wp\/v2\/media\/25334"}],"wp:attachment":[{"href":"https:\/\/sopesca.pt\/en\/wp-json\/wp\/v2\/media?parent=100173"}],"wp:term":[{"taxonomy":"product_brand","embeddable":true,"href":"https:\/\/sopesca.pt\/en\/wp-json\/wp\/v2\/product_brand?post=100173"},{"taxonomy":"product_cat","embeddable":true,"href":"https:\/\/sopesca.pt\/en\/wp-json\/wp\/v2\/product_cat?post=100173"},{"taxonomy":"product_tag","embeddable":true,"href":"https:\/\/sopesca.pt\/en\/wp-json\/wp\/v2\/product_tag?post=100173"}],"curies":[{"name":"wp","href":"https:\/\/api.w.org\/{rel}","templated":true}]}}