{"id":100206,"date":"2026-02-21T23:35:51","date_gmt":"2026-02-21T23:35:51","guid":{"rendered":"http:\/\/matchbaits.pt\/?post_type=product&#038;p=100206"},"modified":"2026-04-22T01:51:24","modified_gmt":"2026-04-22T01:51:24","slug":"morgan","status":"publish","type":"product","link":"https:\/\/sopesca.pt\/en\/product\/morgan\/","title":{"rendered":"Morgan"},"content":{"rendered":"<p>Milo Morgan<\/p>\n<p>Anzol polido com micro barbela e fio m\u00e9dio para a pesca de ciprin\u00eddeos. Aperto perfeito da isca que n\u00e3o \u00e9 arruinada quando anexado gra\u00e7as \u00e0 \u00f3tima qu\u00edmica afia\u00e7\u00e3o.<\/p>","protected":false},"excerpt":{"rendered":"<p>Milo Morgan Anzol polido com micro barbela e fio m\u00e9dio para a pesca de ciprin\u00eddeos. Aperto perfeito da isca que n\u00e3o \u00e9 arruinada quando anexado gra\u00e7as \u00e0 \u00f3tima qu\u00edmica afia\u00e7\u00e3o.<\/p>","protected":false},"featured_media":49733,"comment_status":"open","ping_status":"closed","template":"","meta":{"_acf_changed":false},"product_brand":[111],"product_cat":[2289,2290],"product_tag":[],"class_list":{"0":"post-100206","1":"product","2":"type-product","3":"status-publish","4":"has-post-thumbnail","6":"product_brand-milo","7":"product_cat-fios-anzois-anzois-p-rio","8":"product_cat-fios-anzois","10":"first","11":"instock","12":"shipping-taxable","13":"purchasable","14":"product-type-variable"},"acf":[],"_links":{"self":[{"href":"https:\/\/sopesca.pt\/en\/wp-json\/wp\/v2\/product\/100206","targetHints":{"allow":["GET"]}}],"collection":[{"href":"https:\/\/sopesca.pt\/en\/wp-json\/wp\/v2\/product"}],"about":[{"href":"https:\/\/sopesca.pt\/en\/wp-json\/wp\/v2\/types\/product"}],"replies":[{"embeddable":true,"href":"https:\/\/sopesca.pt\/en\/wp-json\/wp\/v2\/comments?post=100206"}],"wp:featuredmedia":[{"embeddable":true,"href":"https:\/\/sopesca.pt\/en\/wp-json\/wp\/v2\/media\/49733"}],"wp:attachment":[{"href":"https:\/\/sopesca.pt\/en\/wp-json\/wp\/v2\/media?parent=100206"}],"wp:term":[{"taxonomy":"product_brand","embeddable":true,"href":"https:\/\/sopesca.pt\/en\/wp-json\/wp\/v2\/product_brand?post=100206"},{"taxonomy":"product_cat","embeddable":true,"href":"https:\/\/sopesca.pt\/en\/wp-json\/wp\/v2\/product_cat?post=100206"},{"taxonomy":"product_tag","embeddable":true,"href":"https:\/\/sopesca.pt\/en\/wp-json\/wp\/v2\/product_tag?post=100206"}],"curies":[{"name":"wp","href":"https:\/\/api.w.org\/{rel}","templated":true}]}}