{"id":100296,"date":"2026-02-21T23:36:06","date_gmt":"2026-02-21T23:36:06","guid":{"rendered":"http:\/\/matchbaits.pt\/?post_type=product&#038;p=100296"},"modified":"2026-04-30T20:48:17","modified_gmt":"2026-04-30T20:48:17","slug":"g1-102","status":"publish","type":"product","link":"https:\/\/sopesca.pt\/en\/product\/g1-102\/","title":{"rendered":"G1-102"},"content":{"rendered":"<p>Gamakatsu G1-102<\/p>\n<p>S\u00e9rie G1 para competi\u00e7\u00e3o consiste em anz\u00f3is cuja forma, a gama de uso, confiabilidade e usabilidade foram confirmados ao longo dos anos e competi\u00e7\u00f5es de pesca incont\u00e1veis, eles sofreram grandes altera\u00e7\u00f5es devido \u00e0 alta taxa de apreens\u00f5es feitas em competi\u00e7\u00f5es modernas.<\/p>\n<p>Assim, a necessidade de anz\u00f3is robustos, extremamente afiados, sendo uma vantagem sustent\u00e1vel, que n\u00e3o se desgastam rapidamente levou o fabricante japon\u00eas para alcan\u00e7ar esta gama de anz\u00f3is especializados.<\/p>\n<p>&#8211; Made in Japan<br \/>\n&#8211; Extremamente afiados<br \/>\n&#8211; Extrema durabilidade e robustez<br \/>\n&#8211; Quantidade 15 pcs \/ envelope<\/p>","protected":false},"excerpt":{"rendered":"<p>Gamakatsu G1-102 S\u00e9rie G1 para competi\u00e7\u00e3o consiste em anz\u00f3is cuja forma, a gama de uso, confiabilidade e usabilidade foram confirmados ao longo dos anos e competi\u00e7\u00f5es de pesca incont\u00e1veis, eles sofreram grandes altera\u00e7\u00f5es devido \u00e0 alta taxa de apreens\u00f5es feitas em competi\u00e7\u00f5es modernas. Assim, a necessidade de anz\u00f3is robustos, extremamente afiados, sendo uma vantagem sustent\u00e1vel, [&hellip;]<\/p>\n","protected":false},"featured_media":25276,"comment_status":"open","ping_status":"closed","template":"","meta":{"_acf_changed":false},"product_brand":[132],"product_cat":[2289,2290],"product_tag":[],"class_list":{"0":"post-100296","1":"product","2":"type-product","3":"status-publish","4":"has-post-thumbnail","6":"product_brand-gamakatsu","7":"product_cat-fios-anzois-anzois-p-rio","8":"product_cat-fios-anzois","10":"first","11":"instock","12":"shipping-taxable","13":"purchasable","14":"product-type-variable"},"acf":[],"_links":{"self":[{"href":"https:\/\/sopesca.pt\/en\/wp-json\/wp\/v2\/product\/100296","targetHints":{"allow":["GET"]}}],"collection":[{"href":"https:\/\/sopesca.pt\/en\/wp-json\/wp\/v2\/product"}],"about":[{"href":"https:\/\/sopesca.pt\/en\/wp-json\/wp\/v2\/types\/product"}],"replies":[{"embeddable":true,"href":"https:\/\/sopesca.pt\/en\/wp-json\/wp\/v2\/comments?post=100296"}],"wp:featuredmedia":[{"embeddable":true,"href":"https:\/\/sopesca.pt\/en\/wp-json\/wp\/v2\/media\/25276"}],"wp:attachment":[{"href":"https:\/\/sopesca.pt\/en\/wp-json\/wp\/v2\/media?parent=100296"}],"wp:term":[{"taxonomy":"product_brand","embeddable":true,"href":"https:\/\/sopesca.pt\/en\/wp-json\/wp\/v2\/product_brand?post=100296"},{"taxonomy":"product_cat","embeddable":true,"href":"https:\/\/sopesca.pt\/en\/wp-json\/wp\/v2\/product_cat?post=100296"},{"taxonomy":"product_tag","embeddable":true,"href":"https:\/\/sopesca.pt\/en\/wp-json\/wp\/v2\/product_tag?post=100296"}],"curies":[{"name":"wp","href":"https:\/\/api.w.org\/{rel}","templated":true}]}}