{"id":100325,"date":"2026-02-21T23:36:10","date_gmt":"2026-02-21T23:36:10","guid":{"rendered":"http:\/\/matchbaits.pt\/?post_type=product&#038;p=100325"},"modified":"2026-03-02T23:17:06","modified_gmt":"2026-03-02T23:17:06","slug":"ls-2260b","status":"publish","type":"product","link":"https:\/\/sopesca.pt\/en\/product\/ls-2260b\/","title":{"rendered":"LS-2260B"},"content":{"rendered":"<p>Gamakatsu LS-2260B<\/p>\n<p>Grande modelo de anzol da \u00faltima linha da anz\u00f3is da empresa japonesa Gamakatsu. O Modelo LS-2260B Bronze tem uma vantagem significativa sobre os modelos das cole\u00e7\u00f5es anteriores. O anzol \u00e9 atraente e discreto de cor bronze. Fio robusto e de alta qualidade permite a sua utiliza\u00e7\u00e3o por tempo quase ilimitado. Anz\u00f3is Stinger afiados pelo m\u00e9todo qu\u00edmico de nitidez. O conjunto de anz\u00f3is \u00e9 composto por vinte e cinco unidades num \u00fanico pacote.<\/p>","protected":false},"excerpt":{"rendered":"<p>Gamakatsu LS-2260B Grande modelo de anzol da \u00faltima linha da anz\u00f3is da empresa japonesa Gamakatsu. O Modelo LS-2260B Bronze tem uma vantagem significativa sobre os modelos das cole\u00e7\u00f5es anteriores. O anzol \u00e9 atraente e discreto de cor bronze. Fio robusto e de alta qualidade permite a sua utiliza\u00e7\u00e3o por tempo quase ilimitado. Anz\u00f3is Stinger afiados [&hellip;]<\/p>\n","protected":false},"featured_media":50849,"comment_status":"open","ping_status":"closed","template":"","meta":{"_acf_changed":false},"product_brand":[132],"product_cat":[2289,2290],"product_tag":[],"class_list":{"0":"post-100325","1":"product","2":"type-product","3":"status-publish","4":"has-post-thumbnail","6":"product_brand-gamakatsu","7":"product_cat-fios-anzois-anzois-p-rio","8":"product_cat-fios-anzois","10":"first","11":"instock","12":"shipping-taxable","13":"purchasable","14":"product-type-variable"},"acf":[],"_links":{"self":[{"href":"https:\/\/sopesca.pt\/en\/wp-json\/wp\/v2\/product\/100325","targetHints":{"allow":["GET"]}}],"collection":[{"href":"https:\/\/sopesca.pt\/en\/wp-json\/wp\/v2\/product"}],"about":[{"href":"https:\/\/sopesca.pt\/en\/wp-json\/wp\/v2\/types\/product"}],"replies":[{"embeddable":true,"href":"https:\/\/sopesca.pt\/en\/wp-json\/wp\/v2\/comments?post=100325"}],"wp:featuredmedia":[{"embeddable":true,"href":"https:\/\/sopesca.pt\/en\/wp-json\/wp\/v2\/media\/50849"}],"wp:attachment":[{"href":"https:\/\/sopesca.pt\/en\/wp-json\/wp\/v2\/media?parent=100325"}],"wp:term":[{"taxonomy":"product_brand","embeddable":true,"href":"https:\/\/sopesca.pt\/en\/wp-json\/wp\/v2\/product_brand?post=100325"},{"taxonomy":"product_cat","embeddable":true,"href":"https:\/\/sopesca.pt\/en\/wp-json\/wp\/v2\/product_cat?post=100325"},{"taxonomy":"product_tag","embeddable":true,"href":"https:\/\/sopesca.pt\/en\/wp-json\/wp\/v2\/product_tag?post=100325"}],"curies":[{"name":"wp","href":"https:\/\/api.w.org\/{rel}","templated":true}]}}