{"id":100326,"date":"2026-02-21T23:36:10","date_gmt":"2026-02-21T23:36:10","guid":{"rendered":"http:\/\/matchbaits.pt\/?post_type=product&#038;p=100326"},"modified":"2026-03-03T12:54:11","modified_gmt":"2026-03-03T12:54:11","slug":"ls-1310n","status":"publish","type":"product","link":"https:\/\/sopesca.pt\/en\/product\/ls-1310n\/","title":{"rendered":"LS-1310N"},"content":{"rendered":"<p>Gamakatsu LS-1310N<\/p>\n<p>Al\u00e9m dos Gamakatsu Booklets, a Gamakatsu possui ainda uma variedade maior de anz\u00f3is soltos com uma enorme varia\u00e7\u00e3o de modelos, cores e tamanhos. N\u00e3o h\u00e1 d\u00favida sobre a qualidade destes anz\u00f3is, absolutamente insuper\u00e1vel!<\/p>\n<p>25pcs<\/p>","protected":false},"excerpt":{"rendered":"<p>Gamakatsu LS-1310N Al\u00e9m dos Gamakatsu Booklets, a Gamakatsu possui ainda uma variedade maior de anz\u00f3is soltos com uma enorme varia\u00e7\u00e3o de modelos, cores e tamanhos. N\u00e3o h\u00e1 d\u00favida sobre a qualidade destes anz\u00f3is, absolutamente insuper\u00e1vel! 25pcs<\/p>","protected":false},"featured_media":25265,"comment_status":"open","ping_status":"closed","template":"","meta":{"_acf_changed":false},"product_brand":[132],"product_cat":[2289,2290],"product_tag":[],"class_list":{"0":"post-100326","1":"product","2":"type-product","3":"status-publish","4":"has-post-thumbnail","6":"product_brand-gamakatsu","7":"product_cat-fios-anzois-anzois-p-rio","8":"product_cat-fios-anzois","10":"first","11":"outofstock","12":"shipping-taxable","13":"purchasable","14":"product-type-variable"},"acf":[],"_links":{"self":[{"href":"https:\/\/sopesca.pt\/en\/wp-json\/wp\/v2\/product\/100326","targetHints":{"allow":["GET"]}}],"collection":[{"href":"https:\/\/sopesca.pt\/en\/wp-json\/wp\/v2\/product"}],"about":[{"href":"https:\/\/sopesca.pt\/en\/wp-json\/wp\/v2\/types\/product"}],"replies":[{"embeddable":true,"href":"https:\/\/sopesca.pt\/en\/wp-json\/wp\/v2\/comments?post=100326"}],"wp:featuredmedia":[{"embeddable":true,"href":"https:\/\/sopesca.pt\/en\/wp-json\/wp\/v2\/media\/25265"}],"wp:attachment":[{"href":"https:\/\/sopesca.pt\/en\/wp-json\/wp\/v2\/media?parent=100326"}],"wp:term":[{"taxonomy":"product_brand","embeddable":true,"href":"https:\/\/sopesca.pt\/en\/wp-json\/wp\/v2\/product_brand?post=100326"},{"taxonomy":"product_cat","embeddable":true,"href":"https:\/\/sopesca.pt\/en\/wp-json\/wp\/v2\/product_cat?post=100326"},{"taxonomy":"product_tag","embeddable":true,"href":"https:\/\/sopesca.pt\/en\/wp-json\/wp\/v2\/product_tag?post=100326"}],"curies":[{"name":"wp","href":"https:\/\/api.w.org\/{rel}","templated":true}]}}