{"id":100352,"date":"2026-02-21T23:36:15","date_gmt":"2026-02-21T23:36:15","guid":{"rendered":"http:\/\/matchbaits.pt\/?post_type=product&#038;p=100352"},"modified":"2026-03-03T12:54:37","modified_gmt":"2026-03-03T12:54:37","slug":"ls-3313f","status":"publish","type":"product","link":"https:\/\/sopesca.pt\/en\/product\/ls-3313f\/","title":{"rendered":"LS-3313F"},"content":{"rendered":"<p>Gamakatsu LS-3313F<\/p>\n<p>Anzol excelente para Casting.<\/p>\n<p>Anzol da Gamakatsu com haste curta, cabe\u00e7a larga e barbela curva em preto.<br \/>\nFeito de material de a\u00e7o de carbono, especialmente preparados para o fabrico desses anz\u00f3is.<br \/>\nTalvez o anzol mais difundido em alguns pa\u00edses da Europa.<\/p>\n<p>O c\u00f3digo LS-3313F \u00e9 a escolha favorita para pesca de Casting.<\/p>","protected":false},"excerpt":{"rendered":"<p>Gamakatsu LS-3313F Anzol excelente para Casting. Anzol da Gamakatsu com haste curta, cabe\u00e7a larga e barbela curva em preto. Feito de material de a\u00e7o de carbono, especialmente preparados para o fabrico desses anz\u00f3is. Talvez o anzol mais difundido em alguns pa\u00edses da Europa. O c\u00f3digo LS-3313F \u00e9 a escolha favorita para pesca de Casting.<\/p>","protected":false},"featured_media":50847,"comment_status":"open","ping_status":"closed","template":"","meta":{"_acf_changed":false},"product_brand":[132],"product_cat":[2291,2290],"product_tag":[],"class_list":{"0":"post-100352","1":"product","2":"type-product","3":"status-publish","4":"has-post-thumbnail","6":"product_brand-gamakatsu","7":"product_cat-fios-anzois-anzois-p-mar-fios-anzois","8":"product_cat-fios-anzois","10":"first","11":"outofstock","12":"shipping-taxable","13":"purchasable","14":"product-type-variable"},"acf":[],"_links":{"self":[{"href":"https:\/\/sopesca.pt\/en\/wp-json\/wp\/v2\/product\/100352","targetHints":{"allow":["GET"]}}],"collection":[{"href":"https:\/\/sopesca.pt\/en\/wp-json\/wp\/v2\/product"}],"about":[{"href":"https:\/\/sopesca.pt\/en\/wp-json\/wp\/v2\/types\/product"}],"replies":[{"embeddable":true,"href":"https:\/\/sopesca.pt\/en\/wp-json\/wp\/v2\/comments?post=100352"}],"wp:featuredmedia":[{"embeddable":true,"href":"https:\/\/sopesca.pt\/en\/wp-json\/wp\/v2\/media\/50847"}],"wp:attachment":[{"href":"https:\/\/sopesca.pt\/en\/wp-json\/wp\/v2\/media?parent=100352"}],"wp:term":[{"taxonomy":"product_brand","embeddable":true,"href":"https:\/\/sopesca.pt\/en\/wp-json\/wp\/v2\/product_brand?post=100352"},{"taxonomy":"product_cat","embeddable":true,"href":"https:\/\/sopesca.pt\/en\/wp-json\/wp\/v2\/product_cat?post=100352"},{"taxonomy":"product_tag","embeddable":true,"href":"https:\/\/sopesca.pt\/en\/wp-json\/wp\/v2\/product_tag?post=100352"}],"curies":[{"name":"wp","href":"https:\/\/api.w.org\/{rel}","templated":true}]}}