{"id":100384,"date":"2026-02-21T23:36:21","date_gmt":"2026-02-21T23:36:21","guid":{"rendered":"http:\/\/matchbaits.pt\/?post_type=product&#038;p=100384"},"modified":"2026-03-03T13:06:30","modified_gmt":"2026-03-03T13:06:30","slug":"gripmesh-feeders","status":"publish","type":"product","link":"https:\/\/sopesca.pt\/en\/product\/gripmesh-feeders\/","title":{"rendered":"Gripmesh Feeders"},"content":{"rendered":"<h2>Drennan Gripmesh Feeders<\/h2>\n<h2><\/h2>\n<p>Os &#8220;picos de aperto&#8221; internos d\u00e3o o nome ao Gripmesh Feeder: S\u00e3o de comprimentos diferentes e s\u00e3o excelentes feeders porque mant\u00eam o isco muito bem!S\u00e3o ideais para misturas macias ou semi-secas do groundbait, pellets umedecidos, pellets de expans\u00e3o, carne cortada, c\u00e2nhamo esmagado e um sem fim de iscos vivos desde que tenham uma certa consist\u00eancia!Eles s\u00e3o igualmente \u00fateis em rios e \u00e1guas tranquilas e podem ser pescados numa linha em execu\u00e7\u00e3o, dentro de um loop fixo ou bloqueado com Grippa Stops.Os feeders Gripmesh s\u00e3o moldados num pol\u00edmero de nylon resistente, dur\u00e1vel, com um tom marrom camuflagem discreto. Todos os quatro tamanhos s\u00e3o ligados por um bra\u00e7o girat\u00f3rio e flex\u00edvel goma de chiclete, que tem apenas o suficiente para esticar o elenco e \u00e9 praticamente livre de emaranhado.<\/p>","protected":false},"excerpt":{"rendered":"<p>Drennan Gripmesh Feeders Os &#8220;picos de aperto&#8221; internos d\u00e3o o nome ao Gripmesh Feeder: S\u00e3o de comprimentos diferentes e s\u00e3o excelentes feeders porque mant\u00eam o isco muito bem!S\u00e3o ideais para misturas macias ou semi-secas do groundbait, pellets umedecidos, pellets de expans\u00e3o, carne cortada, c\u00e2nhamo esmagado e um sem fim de iscos vivos desde que tenham [&hellip;]<\/p>\n","protected":false},"featured_media":25256,"comment_status":"open","ping_status":"closed","template":"","meta":{"_acf_changed":false},"product_brand":[113],"product_cat":[2281,2272],"product_tag":[],"class_list":{"0":"post-100384","1":"product","2":"type-product","3":"status-publish","4":"has-post-thumbnail","6":"product_brand-drennan","7":"product_cat-feeders-acessorios-feeders","8":"product_cat-feeders-acessorios","10":"first","11":"instock","12":"shipping-taxable","13":"purchasable","14":"product-type-variable"},"acf":[],"_links":{"self":[{"href":"https:\/\/sopesca.pt\/en\/wp-json\/wp\/v2\/product\/100384","targetHints":{"allow":["GET"]}}],"collection":[{"href":"https:\/\/sopesca.pt\/en\/wp-json\/wp\/v2\/product"}],"about":[{"href":"https:\/\/sopesca.pt\/en\/wp-json\/wp\/v2\/types\/product"}],"replies":[{"embeddable":true,"href":"https:\/\/sopesca.pt\/en\/wp-json\/wp\/v2\/comments?post=100384"}],"wp:featuredmedia":[{"embeddable":true,"href":"https:\/\/sopesca.pt\/en\/wp-json\/wp\/v2\/media\/25256"}],"wp:attachment":[{"href":"https:\/\/sopesca.pt\/en\/wp-json\/wp\/v2\/media?parent=100384"}],"wp:term":[{"taxonomy":"product_brand","embeddable":true,"href":"https:\/\/sopesca.pt\/en\/wp-json\/wp\/v2\/product_brand?post=100384"},{"taxonomy":"product_cat","embeddable":true,"href":"https:\/\/sopesca.pt\/en\/wp-json\/wp\/v2\/product_cat?post=100384"},{"taxonomy":"product_tag","embeddable":true,"href":"https:\/\/sopesca.pt\/en\/wp-json\/wp\/v2\/product_tag?post=100384"}],"curies":[{"name":"wp","href":"https:\/\/api.w.org\/{rel}","templated":true}]}}