{"id":100386,"date":"2026-02-21T23:36:21","date_gmt":"2026-02-21T23:36:21","guid":{"rendered":"http:\/\/matchbaits.pt\/?post_type=product&#038;p=100386"},"modified":"2026-03-03T13:08:22","modified_gmt":"2026-03-03T13:08:22","slug":"oval-groundbait-feeders","status":"publish","type":"product","link":"https:\/\/sopesca.pt\/en\/product\/oval-groundbait-feeders\/","title":{"rendered":"Oval Groundbait Feeders"},"content":{"rendered":"<p>Dreannan Oval Groundbait Feeders<\/p>\n<p>Os feeders Drennan Oval Groundbait s\u00e3o produzidos em pl\u00e1stico duro, dur\u00e1vel, camuflado seja no formato &#8216;Weedy Green&#8217; ou &#8216;Gravel Brown&#8217;. Esta gama extensiva de oito alimentadores abertos abrange todas as \u00e1guas calmas e pesca fluvial com pesos de fundi\u00e7\u00e3o de 15g (1 \/ 2oz) para 60g (2 1 \/ 2oz).<\/p>\n<p>A forma oval cl\u00e1ssica assegura que o alimentador abra\u00e7a a parte inferior eo posicionamento dos furos garante que o amortecedor esteja disperso diretamente em torno da isca do anzol. Estes alimentadores s\u00e3o robustos terminados com um rolamento girat\u00f3rio moldado integral para ajudar a impedir a tor\u00e7\u00e3o da linha. Oito tamanhos est\u00e3o dispon\u00edveis:<br \/>\nPadr\u00e3o (verde erva daninha): Pequeno 15g; Meio 20 g; Grande 25g; XL 30g;<br \/>\nPesado (cascalho marrom): Pequeno 30g; Meio 40g; Grande 50g; XL 60g.<\/p>","protected":false},"excerpt":{"rendered":"<p>Dreannan Oval Groundbait Feeders Os feeders Drennan Oval Groundbait s\u00e3o produzidos em pl\u00e1stico duro, dur\u00e1vel, camuflado seja no formato &#8216;Weedy Green&#8217; ou &#8216;Gravel Brown&#8217;. Esta gama extensiva de oito alimentadores abertos abrange todas as \u00e1guas calmas e pesca fluvial com pesos de fundi\u00e7\u00e3o de 15g (1 \/ 2oz) para 60g (2 1 \/ 2oz). A [&hellip;]<\/p>\n","protected":false},"featured_media":25258,"comment_status":"open","ping_status":"closed","template":"","meta":{"_acf_changed":false},"product_brand":[113],"product_cat":[2281,2272],"product_tag":[],"class_list":{"0":"post-100386","1":"product","2":"type-product","3":"status-publish","4":"has-post-thumbnail","6":"product_brand-drennan","7":"product_cat-feeders-acessorios-feeders","8":"product_cat-feeders-acessorios","10":"first","11":"outofstock","12":"shipping-taxable","13":"purchasable","14":"product-type-variable"},"acf":[],"_links":{"self":[{"href":"https:\/\/sopesca.pt\/en\/wp-json\/wp\/v2\/product\/100386","targetHints":{"allow":["GET"]}}],"collection":[{"href":"https:\/\/sopesca.pt\/en\/wp-json\/wp\/v2\/product"}],"about":[{"href":"https:\/\/sopesca.pt\/en\/wp-json\/wp\/v2\/types\/product"}],"replies":[{"embeddable":true,"href":"https:\/\/sopesca.pt\/en\/wp-json\/wp\/v2\/comments?post=100386"}],"wp:featuredmedia":[{"embeddable":true,"href":"https:\/\/sopesca.pt\/en\/wp-json\/wp\/v2\/media\/25258"}],"wp:attachment":[{"href":"https:\/\/sopesca.pt\/en\/wp-json\/wp\/v2\/media?parent=100386"}],"wp:term":[{"taxonomy":"product_brand","embeddable":true,"href":"https:\/\/sopesca.pt\/en\/wp-json\/wp\/v2\/product_brand?post=100386"},{"taxonomy":"product_cat","embeddable":true,"href":"https:\/\/sopesca.pt\/en\/wp-json\/wp\/v2\/product_cat?post=100386"},{"taxonomy":"product_tag","embeddable":true,"href":"https:\/\/sopesca.pt\/en\/wp-json\/wp\/v2\/product_tag?post=100386"}],"curies":[{"name":"wp","href":"https:\/\/api.w.org\/{rel}","templated":true}]}}