{"id":100412,"date":"2026-02-21T23:36:25","date_gmt":"2026-02-21T23:36:25","guid":{"rendered":"http:\/\/matchbaits.pt\/?post_type=product&#038;p=100412"},"modified":"2026-03-03T13:08:52","modified_gmt":"2026-03-03T13:08:52","slug":"oval-blockend-feeders","status":"publish","type":"product","link":"https:\/\/sopesca.pt\/en\/product\/oval-blockend-feeders\/","title":{"rendered":"Oval Blockend Feeders"},"content":{"rendered":"<p>Dreannan Oval Blockend Feeders<\/p>\n<p>Os \u00faltimos feeders Oval Blockend s\u00e3o agora feitos de um pl\u00e1stico mais forte para a maior longevidade e apresentam um perfil mais aerodin\u00e2mico, baixo. A base de chumbo plana, moldada nos feeders, garante que eles mantenham sua posi\u00e7\u00e3o na corrente extremamente bem.<\/p>","protected":false},"excerpt":{"rendered":"<p>Dreannan Oval Blockend Feeders Os \u00faltimos feeders Oval Blockend s\u00e3o agora feitos de um pl\u00e1stico mais forte para a maior longevidade e apresentam um perfil mais aerodin\u00e2mico, baixo. A base de chumbo plana, moldada nos feeders, garante que eles mantenham sua posi\u00e7\u00e3o na corrente extremamente bem.<\/p>","protected":false},"featured_media":25259,"comment_status":"open","ping_status":"closed","template":"","meta":{"_acf_changed":false},"product_brand":[113],"product_cat":[2281,2272],"product_tag":[],"class_list":{"0":"post-100412","1":"product","2":"type-product","3":"status-publish","4":"has-post-thumbnail","6":"product_brand-drennan","7":"product_cat-feeders-acessorios-feeders","8":"product_cat-feeders-acessorios","10":"first","11":"outofstock","12":"shipping-taxable","13":"purchasable","14":"product-type-variable"},"acf":[],"_links":{"self":[{"href":"https:\/\/sopesca.pt\/en\/wp-json\/wp\/v2\/product\/100412","targetHints":{"allow":["GET"]}}],"collection":[{"href":"https:\/\/sopesca.pt\/en\/wp-json\/wp\/v2\/product"}],"about":[{"href":"https:\/\/sopesca.pt\/en\/wp-json\/wp\/v2\/types\/product"}],"replies":[{"embeddable":true,"href":"https:\/\/sopesca.pt\/en\/wp-json\/wp\/v2\/comments?post=100412"}],"wp:featuredmedia":[{"embeddable":true,"href":"https:\/\/sopesca.pt\/en\/wp-json\/wp\/v2\/media\/25259"}],"wp:attachment":[{"href":"https:\/\/sopesca.pt\/en\/wp-json\/wp\/v2\/media?parent=100412"}],"wp:term":[{"taxonomy":"product_brand","embeddable":true,"href":"https:\/\/sopesca.pt\/en\/wp-json\/wp\/v2\/product_brand?post=100412"},{"taxonomy":"product_cat","embeddable":true,"href":"https:\/\/sopesca.pt\/en\/wp-json\/wp\/v2\/product_cat?post=100412"},{"taxonomy":"product_tag","embeddable":true,"href":"https:\/\/sopesca.pt\/en\/wp-json\/wp\/v2\/product_tag?post=100412"}],"curies":[{"name":"wp","href":"https:\/\/api.w.org\/{rel}","templated":true}]}}