{"id":100413,"date":"2026-02-21T23:36:25","date_gmt":"2026-02-21T23:36:25","guid":{"rendered":"http:\/\/matchbaits.pt\/?post_type=product&#038;p=100413"},"modified":"2026-03-20T21:28:08","modified_gmt":"2026-03-20T21:28:08","slug":"feederbombs","status":"publish","type":"product","link":"https:\/\/sopesca.pt\/en\/product\/feederbombs\/","title":{"rendered":"Feederbombs"},"content":{"rendered":"<p>Drennan Feederbombs<\/p>\n<p>Drennan Feederbombs s\u00e3o um projeto bastante original que \u00e9 realmente melhor do que quase qualquer outro feeder! Eles s\u00e3o uma escolha fant\u00e1stica para pescar a qualquer dist\u00e2ncia.<\/p>\n<p>O Feederbomb \u00e9 perfeitamente adequado para lagos e rios parados ou com corrente m\u00e9dia. Por causa do seu desenho, com todo o peso concentrado na base do alimentador, eles realmente s\u00e3o ideiais para lan\u00e7amentos longos e direitos , mesmo com vento cruzado. Feederbombs est\u00e3o dispon\u00edveis em quatro tamanhos e uma escolha de cores verde oliva ou marrom camuflagem.<\/p>","protected":false},"excerpt":{"rendered":"<p>Drennan Feederbombs Drennan Feederbombs s\u00e3o um projeto bastante original que \u00e9 realmente melhor do que quase qualquer outro feeder! Eles s\u00e3o uma escolha fant\u00e1stica para pescar a qualquer dist\u00e2ncia. O Feederbomb \u00e9 perfeitamente adequado para lagos e rios parados ou com corrente m\u00e9dia. Por causa do seu desenho, com todo o peso concentrado na base [&hellip;]<\/p>\n","protected":false},"featured_media":25260,"comment_status":"open","ping_status":"closed","template":"","meta":{"_acf_changed":false},"product_brand":[113],"product_cat":[2281,2272],"product_tag":[],"class_list":{"0":"post-100413","1":"product","2":"type-product","3":"status-publish","4":"has-post-thumbnail","6":"product_brand-drennan","7":"product_cat-feeders-acessorios-feeders","8":"product_cat-feeders-acessorios","10":"first","11":"instock","12":"shipping-taxable","13":"purchasable","14":"product-type-variable"},"acf":[],"_links":{"self":[{"href":"https:\/\/sopesca.pt\/en\/wp-json\/wp\/v2\/product\/100413","targetHints":{"allow":["GET"]}}],"collection":[{"href":"https:\/\/sopesca.pt\/en\/wp-json\/wp\/v2\/product"}],"about":[{"href":"https:\/\/sopesca.pt\/en\/wp-json\/wp\/v2\/types\/product"}],"replies":[{"embeddable":true,"href":"https:\/\/sopesca.pt\/en\/wp-json\/wp\/v2\/comments?post=100413"}],"wp:featuredmedia":[{"embeddable":true,"href":"https:\/\/sopesca.pt\/en\/wp-json\/wp\/v2\/media\/25260"}],"wp:attachment":[{"href":"https:\/\/sopesca.pt\/en\/wp-json\/wp\/v2\/media?parent=100413"}],"wp:term":[{"taxonomy":"product_brand","embeddable":true,"href":"https:\/\/sopesca.pt\/en\/wp-json\/wp\/v2\/product_brand?post=100413"},{"taxonomy":"product_cat","embeddable":true,"href":"https:\/\/sopesca.pt\/en\/wp-json\/wp\/v2\/product_cat?post=100413"},{"taxonomy":"product_tag","embeddable":true,"href":"https:\/\/sopesca.pt\/en\/wp-json\/wp\/v2\/product_tag?post=100413"}],"curies":[{"name":"wp","href":"https:\/\/api.w.org\/{rel}","templated":true}]}}