{"id":100414,"date":"2026-02-21T23:36:25","date_gmt":"2026-02-21T23:36:25","guid":{"rendered":"http:\/\/matchbaits.pt\/?post_type=product&#038;p=100414"},"modified":"2026-04-21T06:36:24","modified_gmt":"2026-04-21T06:36:24","slug":"as1","status":"publish","type":"product","link":"https:\/\/sopesca.pt\/en\/product\/as1\/","title":{"rendered":"AS1"},"content":{"rendered":"<p>Drennan AS1<\/p>\n<p>A AS1 foi projetada e desenvolvida em conjunto com Alan Scotthorne, cinco vezes Campe\u00e3o do Mundo.<\/p>\n<p>Dispon\u00edvel em seis tamanhos de 0.1g a 0.6g, ela apresenta uma haste de espessura de fio inoxid\u00e1vel 0.6mm para melhor estabilidade em compara\u00e7\u00e3o com vidro ou carbono. A haste \u00e9 apenas ligada at\u00e9 meio do corpo bulboso, em vez de continuar at\u00e9 \u00e0 antena, para melhorar o equil\u00edbrio da b\u00f3ia e comportamento sem adicionar peso desnecess\u00e1rio e prejudicando a flutuabilidade. Alan testou estas b\u00f3ias e ficou muito feliz que a haste mais espessa resista a muitos abusos de capturas grandes!<\/p>\n<p>Os pr\u00f3prios corpos flutuantes s\u00e3o notavelmente conc\u00eantricos com muito pouco ou nenhum desalinhamento da haste e pontas para o corpo. Feito de balsa de grau leve para m\u00e1xima flutuabilidade para propor\u00e7\u00e3o de tamanho, eles s\u00e3o revestidos em uma pintura acr\u00edlica extremamente resistente garantindo uma constru\u00e7\u00e3o forte, impedindo danos de linha quando sob extrema press\u00e3o de peixe grande.<\/p>\n<p>O corpo AS1 \u00e9 ligeiramente mais fino do que o AS2 de acordo com a sensibilidade extra que o AS1 oferece. Oca, di\u00e2metro 1.5mm, flutuante, antena com brilho, que pode facilmente ser vista ao pescar na sombra da vegeta\u00e7\u00e3o distante do pesqueiro. O AS1 \u00e9 ligeiramente mais sens\u00edvel do que a AS2 e ideal carpas pequenas, enquanto que a ponta de 1,75 mm mais grossa AS2 \u00e9 mais adequado para suportar iscas maiores e oferece melhor visibilidade entre a vegeta\u00e7\u00e3o.<\/p>\n<p>As antenas incandescentes das b\u00f3ias AS s\u00e3o refor\u00e7adas atrav\u00e9s da sec\u00e7\u00e3o onde se juntam ao corpo. Isso fortalece a antena flutuante oca num ponto cr\u00edtico e fornece uma base extra forte para o olho.<\/p>\n<p>As b\u00f3ias AS tamb\u00e9m apresentam uma dupla ferida de a\u00e7o inoxid\u00e1vel olho montado na base da ponta. Sendo colocado aqui, oferece a posi\u00e7\u00e3o mecanicamente mais forte sem perfurar o corpo e sem arriscar a entrada de \u00e1gua, melhorando assim o desempenho das b\u00f3ias. Sendo ferida dupla (isto \u00e9, o olho \u00e9 totalmente redondo) significa que a linha n\u00e3o pode ficar presa e danificada, como \u00e9 frequentemente o caso com os olhos convencionais de uma \u00fanica ferida em forma de U. Estes olhos especiais tamb\u00e9m s\u00e3o feitos de a\u00e7o inoxid\u00e1vel enegrecido para combinar com o corpo, dando uma linha de demarca\u00e7\u00e3o mais clara para a ponta de brilho, para que as mordidas s\u00e3o mais f\u00e1ceis de detectar!<\/p>\n<p>Dispon\u00edvel em tamanhos de 0,1 g, 0,2 g, 0,3 g, 0,4 g, 0,5 g e 0,6 g.<\/p>","protected":false},"excerpt":{"rendered":"<p>Drennan AS1 A AS1 foi projetada e desenvolvida em conjunto com Alan Scotthorne, cinco vezes Campe\u00e3o do Mundo. Dispon\u00edvel em seis tamanhos de 0.1g a 0.6g, ela apresenta uma haste de espessura de fio inoxid\u00e1vel 0.6mm para melhor estabilidade em compara\u00e7\u00e3o com vidro ou carbono. A haste \u00e9 apenas ligada at\u00e9 meio do corpo bulboso, [&hellip;]<\/p>\n","protected":false},"featured_media":25200,"comment_status":"open","ping_status":"closed","template":"","meta":{"_acf_changed":false},"product_brand":[113],"product_cat":[2267,2266],"product_tag":[],"class_list":{"0":"post-100414","1":"product","2":"type-product","3":"status-publish","4":"has-post-thumbnail","6":"product_brand-drennan","7":"product_cat-boias","8":"product_cat-boias-francesa","10":"first","11":"instock","12":"shipping-taxable","13":"purchasable","14":"product-type-variable"},"acf":[],"_links":{"self":[{"href":"https:\/\/sopesca.pt\/en\/wp-json\/wp\/v2\/product\/100414","targetHints":{"allow":["GET"]}}],"collection":[{"href":"https:\/\/sopesca.pt\/en\/wp-json\/wp\/v2\/product"}],"about":[{"href":"https:\/\/sopesca.pt\/en\/wp-json\/wp\/v2\/types\/product"}],"replies":[{"embeddable":true,"href":"https:\/\/sopesca.pt\/en\/wp-json\/wp\/v2\/comments?post=100414"}],"wp:featuredmedia":[{"embeddable":true,"href":"https:\/\/sopesca.pt\/en\/wp-json\/wp\/v2\/media\/25200"}],"wp:attachment":[{"href":"https:\/\/sopesca.pt\/en\/wp-json\/wp\/v2\/media?parent=100414"}],"wp:term":[{"taxonomy":"product_brand","embeddable":true,"href":"https:\/\/sopesca.pt\/en\/wp-json\/wp\/v2\/product_brand?post=100414"},{"taxonomy":"product_cat","embeddable":true,"href":"https:\/\/sopesca.pt\/en\/wp-json\/wp\/v2\/product_cat?post=100414"},{"taxonomy":"product_tag","embeddable":true,"href":"https:\/\/sopesca.pt\/en\/wp-json\/wp\/v2\/product_tag?post=100414"}],"curies":[{"name":"wp","href":"https:\/\/api.w.org\/{rel}","templated":true}]}}