{"id":100441,"date":"2026-02-21T23:36:29","date_gmt":"2026-02-21T23:36:29","guid":{"rendered":"http:\/\/matchbaits.pt\/produto\/as5\/"},"modified":"2026-03-03T13:20:05","modified_gmt":"2026-03-03T13:20:05","slug":"as5","status":"publish","type":"product","link":"https:\/\/sopesca.pt\/en\/product\/as5\/","title":{"rendered":"AS5"},"content":{"rendered":"<h2>Drennan AS5<\/h2>\n<p>&nbsp;<\/p>\n<p>O AS5 &#8216;l\u00e1pis&#8217; \u00e9 a mais recente adi\u00e7\u00e3o \u00e0 gama de boias de competi\u00e7\u00e3o com assinatura Alan Scotthorne.<\/p>\n<p>Esta forma Slim tornou-se primeiramente popular para o roach e o silverfish, porque oferece muito pouca resist\u00eancia \u00e0 picada do peixes.<\/p>\n<p>Muitos pescadores apreciam agora os benef\u00edcios desta b\u00f3ia para a pesca \u00e0s carpa, F1s e silverfish da qualidade nas pescas de competi\u00e7\u00e3o. A b\u00f3ia AS5 pode ser usada com praticamente qualquer isco.<\/p>\n<p>O perfil slim do AS5 oferece grande detec\u00e7\u00e3o de mordida e cortes atrav\u00e9s da \u00e1gua realmente limpa na greve. Importante, este flutuador tamb\u00e9m \u00e9 extremamente forte e dur\u00e1vel, com um corpo de balsa top-grade protegido por um acr\u00edlico especial &#8216;shell&#8217; que \u00e9 incrivelmente resistente e resistente.<\/p>\n<p>Cada b\u00f3ia tem uma haste de carbono de comprimento m\u00e9dio firmemente ligada ao corpo, al\u00e9m de uma ponta de 1.5mm oco refor\u00e7ada com um spigot de fibra de vidro.<\/p>\n<p>O olho de mola de a\u00e7o inoxid\u00e1vel enegrecido \u00e9 mais leve do que a maioria dos outros no mercado e tamb\u00e9m dupla ferida para evitar as chances de a linha ficar preso ou beliscado.<\/p>\n<p>O AS5 est\u00e1 dispon\u00edvel em oito tamanhos, de 0,1g direito at\u00e9 1g, tornando-se numa b\u00f3ia realmente vers\u00e1til que vai lidar com uma grande variedade de locais. Como todas as b\u00f3ias Drennan, a AS5 \u00e9 constru\u00edda e montada nas nossas pr\u00f3prias f\u00e1bricas.<\/p>\n<p>Caracter\u00edsticas:<\/p>\n<p>&#8211; Desenhado em conjunto com Alan Scotthorne, cinco vezes Campe\u00e3o do Mundo, com corpo de balsa<\/p>\n<p>&#8211; Super-resistente acabamento de pintura acr\u00edlica<\/p>\n<p>&#8211; Preto olho de mola de a\u00e7o inoxid\u00e1vel<\/p>\n<p>&#8211; Haste de carbono resistente de 1,5 mil\u00edmetros<\/p>\n<p>&#8211; Pontas vermelhas, alaranjadas e amarelas<\/p>\n<p>&#8211; Pontas refor\u00e7adas com um spigot<\/p>\n<p>&#8211; Constru\u00e7\u00e3o conc\u00eantrica<\/p>\n<p>&#8211; Constru\u00eddo e montado manualmente nas pr\u00f3prias f\u00e1bricas de Drennan<\/p>\n<p>&#8211; 0,1 g, 0,2 g, 0,3 g, 0,4 g, 0,5 g, 0,6 g, 0,8 g, 1 g de tamanhos<\/p>","protected":false},"excerpt":{"rendered":"<p>Drennan AS5 &nbsp; O AS5 &#8216;l\u00e1pis&#8217; \u00e9 a mais recente adi\u00e7\u00e3o \u00e0 gama de boias de competi\u00e7\u00e3o com assinatura Alan Scotthorne. Esta forma Slim tornou-se primeiramente popular para o roach e o silverfish, porque oferece muito pouca resist\u00eancia \u00e0 picada do peixes. Muitos pescadores apreciam agora os benef\u00edcios desta b\u00f3ia para a pesca \u00e0s carpa, [&hellip;]<\/p>\n","protected":false},"featured_media":25203,"comment_status":"open","ping_status":"closed","template":"","meta":{"_acf_changed":false},"product_brand":[113],"product_cat":[2267,2266],"product_tag":[],"class_list":{"0":"post-100441","1":"product","2":"type-product","3":"status-publish","4":"has-post-thumbnail","6":"product_brand-drennan","7":"product_cat-boias","8":"product_cat-boias-francesa","10":"first","11":"instock","12":"shipping-taxable","13":"purchasable","14":"product-type-variable"},"acf":[],"_links":{"self":[{"href":"https:\/\/sopesca.pt\/en\/wp-json\/wp\/v2\/product\/100441","targetHints":{"allow":["GET"]}}],"collection":[{"href":"https:\/\/sopesca.pt\/en\/wp-json\/wp\/v2\/product"}],"about":[{"href":"https:\/\/sopesca.pt\/en\/wp-json\/wp\/v2\/types\/product"}],"replies":[{"embeddable":true,"href":"https:\/\/sopesca.pt\/en\/wp-json\/wp\/v2\/comments?post=100441"}],"wp:featuredmedia":[{"embeddable":true,"href":"https:\/\/sopesca.pt\/en\/wp-json\/wp\/v2\/media\/25203"}],"wp:attachment":[{"href":"https:\/\/sopesca.pt\/en\/wp-json\/wp\/v2\/media?parent=100441"}],"wp:term":[{"taxonomy":"product_brand","embeddable":true,"href":"https:\/\/sopesca.pt\/en\/wp-json\/wp\/v2\/product_brand?post=100441"},{"taxonomy":"product_cat","embeddable":true,"href":"https:\/\/sopesca.pt\/en\/wp-json\/wp\/v2\/product_cat?post=100441"},{"taxonomy":"product_tag","embeddable":true,"href":"https:\/\/sopesca.pt\/en\/wp-json\/wp\/v2\/product_tag?post=100441"}],"curies":[{"name":"wp","href":"https:\/\/api.w.org\/{rel}","templated":true}]}}