{"id":100442,"date":"2026-02-21T23:36:30","date_gmt":"2026-02-21T23:36:30","guid":{"rendered":"http:\/\/matchbaits.pt\/?post_type=product&#038;p=100442"},"modified":"2026-03-03T13:22:07","modified_gmt":"2026-03-03T13:22:07","slug":"as6","status":"publish","type":"product","link":"https:\/\/sopesca.pt\/en\/product\/as6\/","title":{"rendered":"AS6"},"content":{"rendered":"<h2>Drennan AS6<\/h2>\n<p>&nbsp;<\/p>\n<p>A AS6 \u00e9 a mais recente adi\u00e7\u00e3o \u00e0 nossa premiada s\u00e9rie de b\u00f3ias de competi\u00e7\u00e3o, concebida em conjunto com Alan Scotthorne.<\/p>\n<p>\u00c9 atualmente a maior fam\u00edlia de b\u00f3ias da s\u00e9rie e dispon\u00edvel em seis tamanhos: 0.4g, 0.6g, 0.8g, 1g, 1.25g e 1.5g.<\/p>\n<p>A AS6 foi projetado para atender aos exigentes requisitos de Alan. Inicialmente, isso era para cobrir \u00e1guas mortas mais profundas de mais de 6 p\u00e9s (2m) ou mais. No entanto, logo se tornou aparente o qu\u00e3o vers\u00e1til o AS6 foi para uma grande variedade de locais, incluindo rios e canais profundos.<\/p>\n<p>O corpo oval oferece boa estabilidade, particularmente em condi\u00e7\u00f5es ventosas. Tamb\u00e9m \u00e9 feita de balsa de alta qualidade para m\u00e1xima flutuabilidade, que \u00e9 protegido com o nosso acabamento de pintura acr\u00edlica especial para criar um super-resistente &#8216;shell&#8217;. Uma ponta de incandesc\u00eancia oca de 1,5 mm em vermelho, laranja ou amarelo oferece excelente visibilidade e funciona bem com uma grande variedade de iscos. Uma haste longa e dur\u00e1vel de carbono \u00e9 seguramente ligada ao corpo e oferece boa estabilidade sem afetar o equil\u00edbrio geral da b\u00f3ia.<\/p>\n<p>A AS6 tamb\u00e9m apresenta o nosso olho de mola de a\u00e7o inoxid\u00e1vel preto exclusivo. Este \u00e9 mais leve do que um olho de mola convencional e tamb\u00e9m n\u00e3o pode ser rasgado fora do corpo como um olho lateral tradicional pode. Ser ferida dupla tamb\u00e9m garante que n\u00e3o h\u00e1 chance de a linha principal ficar preso.<\/p>\n<p>AS6 \u00e9 um projeto vers\u00e1til, com design excepcionalmente, feito e constru\u00eddo para durar.<\/p>\n<p>Caracter\u00edsticas:<\/p>\n<p>&#8211; Desenhado em conjunto com Alan Scotthorne, cinco vezes Campe\u00e3o do Mundo<\/p>\n<p>&#8211; Altamente flutuante balsa corpo<\/p>\n<p>&#8211; Super-resistente acabamento de pintura acr\u00edlica<\/p>\n<p>&#8211; Olho de mola de a\u00e7o inoxid\u00e1vel preto<\/p>\n<p>&#8211; Haste dur\u00e1vel de carbono de 0,8 mm<\/p>\n<p>&#8211; Ponta de incandesc\u00eancia oca de 1,5 mm<\/p>\n<p>&#8211; Pontas vermelhas, alaranjadas e amarelas<\/p>\n<p>&#8211; Dicas refor\u00e7adas com um espig\u00e3o<\/p>\n<p>&#8211; Constru\u00e7\u00e3o conc\u00eantrica<\/p>\n<p>&#8211; Constru\u00edda e montada manualmente nas pr\u00f3prias f\u00e1bricas de Drennan<\/p>\n<p>&#8211; 0,4 g, 0,6 g, 0,8 g, 1 g, 1,25 g, 1,5 g tamanhos.<\/p>","protected":false},"excerpt":{"rendered":"<p>Drennan AS6 &nbsp; A AS6 \u00e9 a mais recente adi\u00e7\u00e3o \u00e0 nossa premiada s\u00e9rie de b\u00f3ias de competi\u00e7\u00e3o, concebida em conjunto com Alan Scotthorne. \u00c9 atualmente a maior fam\u00edlia de b\u00f3ias da s\u00e9rie e dispon\u00edvel em seis tamanhos: 0.4g, 0.6g, 0.8g, 1g, 1.25g e 1.5g. A AS6 foi projetado para atender aos exigentes requisitos de [&hellip;]<\/p>\n","protected":false},"featured_media":25204,"comment_status":"open","ping_status":"closed","template":"","meta":{"_acf_changed":false},"product_brand":[113],"product_cat":[2267,2266],"product_tag":[],"class_list":{"0":"post-100442","1":"product","2":"type-product","3":"status-publish","4":"has-post-thumbnail","6":"product_brand-drennan","7":"product_cat-boias","8":"product_cat-boias-francesa","10":"first","11":"instock","12":"shipping-taxable","13":"purchasable","14":"product-type-variable"},"acf":[],"_links":{"self":[{"href":"https:\/\/sopesca.pt\/en\/wp-json\/wp\/v2\/product\/100442","targetHints":{"allow":["GET"]}}],"collection":[{"href":"https:\/\/sopesca.pt\/en\/wp-json\/wp\/v2\/product"}],"about":[{"href":"https:\/\/sopesca.pt\/en\/wp-json\/wp\/v2\/types\/product"}],"replies":[{"embeddable":true,"href":"https:\/\/sopesca.pt\/en\/wp-json\/wp\/v2\/comments?post=100442"}],"wp:featuredmedia":[{"embeddable":true,"href":"https:\/\/sopesca.pt\/en\/wp-json\/wp\/v2\/media\/25204"}],"wp:attachment":[{"href":"https:\/\/sopesca.pt\/en\/wp-json\/wp\/v2\/media?parent=100442"}],"wp:term":[{"taxonomy":"product_brand","embeddable":true,"href":"https:\/\/sopesca.pt\/en\/wp-json\/wp\/v2\/product_brand?post=100442"},{"taxonomy":"product_cat","embeddable":true,"href":"https:\/\/sopesca.pt\/en\/wp-json\/wp\/v2\/product_cat?post=100442"},{"taxonomy":"product_tag","embeddable":true,"href":"https:\/\/sopesca.pt\/en\/wp-json\/wp\/v2\/product_tag?post=100442"}],"curies":[{"name":"wp","href":"https:\/\/api.w.org\/{rel}","templated":true}]}}