{"id":100743,"date":"2026-02-21T23:37:20","date_gmt":"2026-02-21T23:37:20","guid":{"rendered":"http:\/\/matchbaits.pt\/?post_type=product&#038;p=100743"},"modified":"2026-03-03T15:07:24","modified_gmt":"2026-03-03T15:07:24","slug":"guarda-chuva-250m","status":"publish","type":"product","link":"https:\/\/sopesca.pt\/en\/product\/guarda-chuva-250m\/","title":{"rendered":"Guarda-Chuva 2,50m"},"content":{"rendered":"<p>Drennan Guarda-Chuva 2,50m (di\u00e2metro) O Guarda-chuva Drennan est\u00e1 dispon\u00edvel nos tamanhos 44in (110 cent\u00edmetros) e 50in (125cm), ambos com as mesmas caracter\u00edsticas inteligentes e aten\u00e7\u00e3o aos detalhes. Este guarda-chuva resistente tem um ponto extra longo, ajust\u00e1vel feito de alum\u00ednio de calibre grosso. Importante, \u00e9 o di\u00e2metro padr\u00e3o de 19 mil\u00edmetros externa da maioria dos p\u00f3los de pesca guarda-chuva, mas com uma maior espessura da parede interna para rigidez e durabilidade adicional. Ambos os modelos t\u00eam o mesmo comprimento p\u00f3lo altura ajust\u00e1vel, que \u00e9 extens\u00edvel para aproximadamente 2,3 milh\u00f5es. Isso pode ser Garante que empurrou profundamente no solo e ainda permitir que a abund\u00e2ncia de altura para que voc\u00ea possa sentar-se sob. N\u00f3s gastamos um tempo significativo aperfei\u00e7oamento do mecanismo de inclina\u00e7\u00e3o de tr\u00eas posi\u00e7\u00f5es para que o guarda-chuva pode ser que bem travada em diferentes \u00e2ngulos. O guarda-chuva \u00e9 feita a partir exterior dur\u00e1vel, PU revestido, \u00e0 prova de apodrecer, gravado costuras para poli\u00e9ster com manter-se fora dos elementos. O modelo 44in apresenta tecido ligeiramente mais leve tamb\u00e9m para manter o peso global para baixo para os pescadores preferem luz que viajam. No modelo ESTA apenas 2,35 kg \u00e9 aproximadamente 16% mais leve do que o projeto 50in (2,8 kg). As costelas de fibra de vidro s\u00e3o parte de uma rasa copa raio inteligente que tem-se projetado para fornecer folga m\u00e1xima cabe\u00e7a. an\u00e9is de fixa\u00e7\u00e3o permitem a atrelar um ou mais dos pain\u00e9is de descarga para o ch\u00e3o. H\u00e1 quatro costelas tamb\u00e9m com um acess\u00f3rio remov\u00edvel &#8220;estabilizador&#8221;. Isto tem um padr\u00e3o de 3 \/ 8No segmento BSF que ir\u00e1 acomodar a BankStick ou poste tempestade para uma configura\u00e7\u00e3o ainda mais resistente. Dois pinos de terra e cabo ajust\u00e1vel guarda-chuva 3m Present s\u00e3o fornecidos. O pacote inteiro \u00e9 rematada bem com um saco de cord\u00e3o feita a partir do mesmo material revestido PU. caracter\u00edsticas: &#8211; 44in (110 cent\u00edmetros) e tamanhos 50in (125cm); &#8211; 1.48m fechado comprimento; &#8211; 2.3m altura m\u00e1xima; &#8211; Spike ajust\u00e1vel extra longa; &#8211; P\u00f3lo central de ve\u00edculos pesados; &#8211; \u00c2ngulo de inclina\u00e7\u00e3o em lat\u00e3o usinado mecanismo; &#8211; Tr\u00eas posi\u00e7\u00f5es de inclina\u00e7\u00e3o \u00e2ngulo fechado; &#8211; Raios fibra de vidro resistente; &#8211; Sistema de dossel Raso costela; &#8211; materiais de poli\u00e9ster \u00e0 prova de podrid\u00e3o PU; &#8211; Modelo de 44in apresenta peso m\u00e9dio 190t exterior; &#8211; Modelo de 50in apresenta peso pesado 210d exterior; &#8211; costuras cobertas; &#8211; argolas de fixa\u00e7\u00e3o; &#8211; Rosca estabilizador de 3 \/ 8No anexos rosca BSF; &#8211; Modelo de 44in pesa 2,35 kg; &#8211; Modelo de 50in pesa 2,8 kg; &#8211; Dois pinos de terra; &#8211; Cabo de 3m guarda-chuva ajust\u00e1vel; &#8211; PU saco de cord\u00e3o revestido; &#8211; Drennan aqua e esquema de cores preto.<\/p>","protected":false},"excerpt":{"rendered":"<p>Drennan Guarda-Chuva 2,50m (di\u00e2metro) O Guarda-chuva Drennan est\u00e1 dispon\u00edvel nos tamanhos 44in (110 cent\u00edmetros) e 50in (125cm), ambos com as mesmas caracter\u00edsticas inteligentes e aten\u00e7\u00e3o aos detalhes. Este guarda-chuva resistente tem um ponto extra longo, ajust\u00e1vel feito de alum\u00ednio de calibre grosso. Importante, \u00e9 o di\u00e2metro padr\u00e3o de 19 mil\u00edmetros externa da maioria dos p\u00f3los [&hellip;]<\/p>\n","protected":false},"featured_media":25456,"comment_status":"open","ping_status":"closed","template":"","meta":{"_acf_changed":false},"product_brand":[113],"product_cat":[2319,5489],"product_tag":[],"class_list":{"0":"post-100743","1":"product","2":"type-product","3":"status-publish","4":"has-post-thumbnail","6":"product_brand-drennan","7":"product_cat-redes-guarda-chuvas-guarda-chuva-sol","8":"product_cat-redes-guarda-chuvas","10":"first","11":"instock","12":"shipping-taxable","13":"purchasable","14":"product-type-variable"},"acf":[],"_links":{"self":[{"href":"https:\/\/sopesca.pt\/en\/wp-json\/wp\/v2\/product\/100743","targetHints":{"allow":["GET"]}}],"collection":[{"href":"https:\/\/sopesca.pt\/en\/wp-json\/wp\/v2\/product"}],"about":[{"href":"https:\/\/sopesca.pt\/en\/wp-json\/wp\/v2\/types\/product"}],"replies":[{"embeddable":true,"href":"https:\/\/sopesca.pt\/en\/wp-json\/wp\/v2\/comments?post=100743"}],"wp:featuredmedia":[{"embeddable":true,"href":"https:\/\/sopesca.pt\/en\/wp-json\/wp\/v2\/media\/25456"}],"wp:attachment":[{"href":"https:\/\/sopesca.pt\/en\/wp-json\/wp\/v2\/media?parent=100743"}],"wp:term":[{"taxonomy":"product_brand","embeddable":true,"href":"https:\/\/sopesca.pt\/en\/wp-json\/wp\/v2\/product_brand?post=100743"},{"taxonomy":"product_cat","embeddable":true,"href":"https:\/\/sopesca.pt\/en\/wp-json\/wp\/v2\/product_cat?post=100743"},{"taxonomy":"product_tag","embeddable":true,"href":"https:\/\/sopesca.pt\/en\/wp-json\/wp\/v2\/product_tag?post=100743"}],"curies":[{"name":"wp","href":"https:\/\/api.w.org\/{rel}","templated":true}]}}