{"id":100775,"date":"2026-02-21T23:37:26","date_gmt":"2026-02-21T23:37:26","guid":{"rendered":"http:\/\/matchbaits.pt\/?post_type=product&#038;p=100775"},"modified":"2026-03-04T22:56:29","modified_gmt":"2026-03-04T22:56:29","slug":"terre-de-surface","status":"publish","type":"product","link":"https:\/\/sopesca.pt\/en\/product\/terre-de-surface\/","title":{"rendered":"Terre de Surface"},"content":{"rendered":"<p>Sensas Terre de Surface<\/p>\n<p>Terra muito fina que \u00e9 usada para adicionar um pouco de peso no engodo quando \u00e9 necess\u00e1rio engodar \u00e0 m\u00e3o a longa dist\u00e2ncia ou em condi\u00e7\u00f5es de vento. Tamb\u00e9m pode ser usado para criar misturas com engodo que abre a meia \u00e1gua. Dispon\u00edvel em 3 cores.<\/p>","protected":false},"excerpt":{"rendered":"<p>Sensas Terre de Surface Terra muito fina que \u00e9 usada para adicionar um pouco de peso no engodo quando \u00e9 necess\u00e1rio engodar \u00e0 m\u00e3o a longa dist\u00e2ncia ou em condi\u00e7\u00f5es de vento. Tamb\u00e9m pode ser usado para criar misturas com engodo que abre a meia \u00e1gua. Dispon\u00edvel em 3 cores.<\/p>","protected":false},"featured_media":48467,"comment_status":"open","ping_status":"closed","template":"","meta":{"_acf_changed":false},"product_brand":[110],"product_cat":[5491,5492],"product_tag":[],"class_list":{"0":"post-100775","1":"product","2":"type-product","3":"status-publish","4":"has-post-thumbnail","6":"product_brand-sensas","7":"product_cat-engodo-terra-aditivo","8":"product_cat-engodo-terra-aditivo-terra-areia","10":"first","11":"outofstock","12":"shipping-taxable","13":"purchasable","14":"product-type-variable"},"acf":[],"_links":{"self":[{"href":"https:\/\/sopesca.pt\/en\/wp-json\/wp\/v2\/product\/100775","targetHints":{"allow":["GET"]}}],"collection":[{"href":"https:\/\/sopesca.pt\/en\/wp-json\/wp\/v2\/product"}],"about":[{"href":"https:\/\/sopesca.pt\/en\/wp-json\/wp\/v2\/types\/product"}],"replies":[{"embeddable":true,"href":"https:\/\/sopesca.pt\/en\/wp-json\/wp\/v2\/comments?post=100775"}],"wp:featuredmedia":[{"embeddable":true,"href":"https:\/\/sopesca.pt\/en\/wp-json\/wp\/v2\/media\/48467"}],"wp:attachment":[{"href":"https:\/\/sopesca.pt\/en\/wp-json\/wp\/v2\/media?parent=100775"}],"wp:term":[{"taxonomy":"product_brand","embeddable":true,"href":"https:\/\/sopesca.pt\/en\/wp-json\/wp\/v2\/product_brand?post=100775"},{"taxonomy":"product_cat","embeddable":true,"href":"https:\/\/sopesca.pt\/en\/wp-json\/wp\/v2\/product_cat?post=100775"},{"taxonomy":"product_tag","embeddable":true,"href":"https:\/\/sopesca.pt\/en\/wp-json\/wp\/v2\/product_tag?post=100775"}],"curies":[{"name":"wp","href":"https:\/\/api.w.org\/{rel}","templated":true}]}}