{"id":100808,"date":"2026-02-21T23:37:31","date_gmt":"2026-02-21T23:37:31","guid":{"rendered":"http:\/\/matchbaits.pt\/?post_type=product&#038;p=100808"},"modified":"2026-03-04T22:57:30","modified_gmt":"2026-03-04T22:57:30","slug":"terra-de-van-den-eynde-2kg","status":"publish","type":"product","link":"https:\/\/sopesca.pt\/en\/product\/terra-de-van-den-eynde-2kg\/","title":{"rendered":"Terra de Van Den Eynde 2kg"},"content":{"rendered":"<p>Terra de Van Den Eynde 2kg<\/p>\n<p>Terra de Riviere<br \/>\nDamp Leam Heavy de fato tem exatamente as mesmas especifica\u00e7\u00f5es que Damp Leam.<br \/>\nEste produto \u00e9 simplesmente uma vers\u00e3o mais pesada dele, o que o torna mais adequado quando a pesca em \u00e1guas mais profundas ou \u00e1guas com alguma corrente.<br \/>\nDamp Leam Heavy \u00e9 o produto perfeito para a cria\u00e7\u00e3o de um &#8220;tapete de lama&#8221; no fundo do pesqueiro. Em cima deste tapete pode ser o engodo escolhido. \u00c9 um m\u00e9todo de engodagem popular especialmente na Europa Ocidental.<\/p>\n<p>Somme Earth<br \/>\nProvavelmente o tipo mais usado de terra.<br \/>\nPode ser usado para adicionar peso ao seu engodo e tamb\u00e9m (quando a pesca esperada pode em ritmo) para ser usado de forma pura em combina\u00e7\u00e3o com o isco vivo. H\u00e1 igualmente uma vers\u00e3o preta para ser usada em locais onde o fundo do rio \u00e9 escuro.<\/p>","protected":false},"excerpt":{"rendered":"<p>Terra de Van Den Eynde 2kg Terra de Riviere Damp Leam Heavy de fato tem exatamente as mesmas especifica\u00e7\u00f5es que Damp Leam. Este produto \u00e9 simplesmente uma vers\u00e3o mais pesada dele, o que o torna mais adequado quando a pesca em \u00e1guas mais profundas ou \u00e1guas com alguma corrente. Damp Leam Heavy \u00e9 o produto [&hellip;]<\/p>\n","protected":false},"featured_media":25097,"comment_status":"open","ping_status":"closed","template":"","meta":{"_acf_changed":false},"product_brand":[381],"product_cat":[5491,5492],"product_tag":[],"class_list":{"0":"post-100808","1":"product","2":"type-product","3":"status-publish","4":"has-post-thumbnail","6":"product_brand-van-den-eynde","7":"product_cat-engodo-terra-aditivo","8":"product_cat-engodo-terra-aditivo-terra-areia","10":"first","11":"outofstock","12":"shipping-taxable","13":"purchasable","14":"product-type-variable"},"acf":[],"_links":{"self":[{"href":"https:\/\/sopesca.pt\/en\/wp-json\/wp\/v2\/product\/100808","targetHints":{"allow":["GET"]}}],"collection":[{"href":"https:\/\/sopesca.pt\/en\/wp-json\/wp\/v2\/product"}],"about":[{"href":"https:\/\/sopesca.pt\/en\/wp-json\/wp\/v2\/types\/product"}],"replies":[{"embeddable":true,"href":"https:\/\/sopesca.pt\/en\/wp-json\/wp\/v2\/comments?post=100808"}],"wp:featuredmedia":[{"embeddable":true,"href":"https:\/\/sopesca.pt\/en\/wp-json\/wp\/v2\/media\/25097"}],"wp:attachment":[{"href":"https:\/\/sopesca.pt\/en\/wp-json\/wp\/v2\/media?parent=100808"}],"wp:term":[{"taxonomy":"product_brand","embeddable":true,"href":"https:\/\/sopesca.pt\/en\/wp-json\/wp\/v2\/product_brand?post=100808"},{"taxonomy":"product_cat","embeddable":true,"href":"https:\/\/sopesca.pt\/en\/wp-json\/wp\/v2\/product_cat?post=100808"},{"taxonomy":"product_tag","embeddable":true,"href":"https:\/\/sopesca.pt\/en\/wp-json\/wp\/v2\/product_tag?post=100808"}],"curies":[{"name":"wp","href":"https:\/\/api.w.org\/{rel}","templated":true}]}}