{"id":100839,"date":"2026-02-21T23:37:39","date_gmt":"2026-02-21T23:37:39","guid":{"rendered":"http:\/\/matchbaits.pt\/?post_type=product&#038;p=100839"},"modified":"2026-03-03T21:08:07","modified_gmt":"2026-03-03T21:08:07","slug":"power-gum","status":"publish","type":"product","link":"https:\/\/sopesca.pt\/en\/product\/power-gum\/","title":{"rendered":"Power Gum"},"content":{"rendered":"<p>Drennan Power Gum Dispon\u00edvel numa escolha de quatro cores, Drennan Power Gum tem uma infinidade de usos, de amortecedores de choque el\u00e1stico para parar n\u00f3 marcador de linha . Bobines de 10m: 14 lb (6,35 kg) &#8211; 0,65 mm. Cores: transparente, vermelho, verde e castanho.<\/p>","protected":false},"excerpt":{"rendered":"<p>Drennan Power Gum Dispon\u00edvel numa escolha de quatro cores, Drennan Power Gum tem uma infinidade de usos, de amortecedores de choque el\u00e1stico para parar n\u00f3 marcador de linha . Bobines de 10m: 14 lb (6,35 kg) &#8211; 0,65 mm. Cores: transparente, vermelho, verde e castanho.<\/p>","protected":false},"featured_media":50539,"comment_status":"open","ping_status":"closed","template":"","meta":{"_acf_changed":false},"product_brand":[113],"product_cat":[2294,2272],"product_tag":[],"class_list":{"0":"post-100839","1":"product","2":"type-product","3":"status-publish","4":"has-post-thumbnail","6":"product_brand-drennan","7":"product_cat-feeders-acessorios-acessorios-de-feeder","8":"product_cat-feeders-acessorios","10":"first","11":"instock","12":"shipping-taxable","13":"purchasable","14":"product-type-variable"},"acf":[],"_links":{"self":[{"href":"https:\/\/sopesca.pt\/en\/wp-json\/wp\/v2\/product\/100839","targetHints":{"allow":["GET"]}}],"collection":[{"href":"https:\/\/sopesca.pt\/en\/wp-json\/wp\/v2\/product"}],"about":[{"href":"https:\/\/sopesca.pt\/en\/wp-json\/wp\/v2\/types\/product"}],"replies":[{"embeddable":true,"href":"https:\/\/sopesca.pt\/en\/wp-json\/wp\/v2\/comments?post=100839"}],"wp:featuredmedia":[{"embeddable":true,"href":"https:\/\/sopesca.pt\/en\/wp-json\/wp\/v2\/media\/50539"}],"wp:attachment":[{"href":"https:\/\/sopesca.pt\/en\/wp-json\/wp\/v2\/media?parent=100839"}],"wp:term":[{"taxonomy":"product_brand","embeddable":true,"href":"https:\/\/sopesca.pt\/en\/wp-json\/wp\/v2\/product_brand?post=100839"},{"taxonomy":"product_cat","embeddable":true,"href":"https:\/\/sopesca.pt\/en\/wp-json\/wp\/v2\/product_cat?post=100839"},{"taxonomy":"product_tag","embeddable":true,"href":"https:\/\/sopesca.pt\/en\/wp-json\/wp\/v2\/product_tag?post=100839"}],"curies":[{"name":"wp","href":"https:\/\/api.w.org\/{rel}","templated":true}]}}