{"id":100865,"date":"2026-02-21T23:37:44","date_gmt":"2026-02-21T23:37:44","guid":{"rendered":"http:\/\/matchbaits.pt\/?post_type=product&#038;p=100865"},"modified":"2026-03-03T21:10:59","modified_gmt":"2026-03-03T21:10:59","slug":"stotta","status":"publish","type":"product","link":"https:\/\/sopesca.pt\/en\/product\/stotta\/","title":{"rendered":"Stotta"},"content":{"rendered":"<p>Preston Stotta Desenvolvido para tornar a aplica\u00e7\u00e3o do Stotz ainda mais f\u00e1cil. Projetado para trabalhar com todos os tamanhos, a extremidade plana do Stotta permite que um Stotz seja selecionado e aplicado r\u00e1pida e facilmente. O Stotta tamb\u00e9m pode ser usado para remover rapidamente Stotz sem danificar sua linha.<\/p>","protected":false},"excerpt":{"rendered":"<p>Preston Stotta Desenvolvido para tornar a aplica\u00e7\u00e3o do Stotz ainda mais f\u00e1cil. Projetado para trabalhar com todos os tamanhos, a extremidade plana do Stotta permite que um Stotz seja selecionado e aplicado r\u00e1pida e facilmente. O Stotta tamb\u00e9m pode ser usado para remover rapidamente Stotz sem danificar sua linha.<\/p>","protected":false},"featured_media":50328,"comment_status":"open","ping_status":"closed","template":"","meta":{"_acf_changed":false},"product_brand":[153],"product_cat":[2366,2354],"product_tag":[],"class_list":{"0":"post-100865","1":"product","2":"type-product","3":"status-publish","4":"has-post-thumbnail","6":"product_brand-preston","7":"product_cat-acessorios","8":"product_cat-acessorios-chumbos","10":"first","11":"instock","12":"shipping-taxable","13":"purchasable","14":"product-type-variable"},"acf":[],"_links":{"self":[{"href":"https:\/\/sopesca.pt\/en\/wp-json\/wp\/v2\/product\/100865","targetHints":{"allow":["GET"]}}],"collection":[{"href":"https:\/\/sopesca.pt\/en\/wp-json\/wp\/v2\/product"}],"about":[{"href":"https:\/\/sopesca.pt\/en\/wp-json\/wp\/v2\/types\/product"}],"replies":[{"embeddable":true,"href":"https:\/\/sopesca.pt\/en\/wp-json\/wp\/v2\/comments?post=100865"}],"wp:featuredmedia":[{"embeddable":true,"href":"https:\/\/sopesca.pt\/en\/wp-json\/wp\/v2\/media\/50328"}],"wp:attachment":[{"href":"https:\/\/sopesca.pt\/en\/wp-json\/wp\/v2\/media?parent=100865"}],"wp:term":[{"taxonomy":"product_brand","embeddable":true,"href":"https:\/\/sopesca.pt\/en\/wp-json\/wp\/v2\/product_brand?post=100865"},{"taxonomy":"product_cat","embeddable":true,"href":"https:\/\/sopesca.pt\/en\/wp-json\/wp\/v2\/product_cat?post=100865"},{"taxonomy":"product_tag","embeddable":true,"href":"https:\/\/sopesca.pt\/en\/wp-json\/wp\/v2\/product_tag?post=100865"}],"curies":[{"name":"wp","href":"https:\/\/api.w.org\/{rel}","templated":true}]}}