{"id":100894,"date":"2026-02-21T23:37:51","date_gmt":"2026-02-21T23:37:51","guid":{"rendered":"http:\/\/matchbaits.pt\/?post_type=product&#038;p=100894"},"modified":"2026-03-04T10:03:13","modified_gmt":"2026-03-04T10:03:13","slug":"popper-frog","status":"publish","type":"product","link":"https:\/\/sopesca.pt\/en\/product\/popper-frog\/","title":{"rendered":"Popper Frog"},"content":{"rendered":"<p>Rapture Popper Frog<\/p>\n<p>Claramente dirigida \u00e0 pesca de ver\u00e3o para os achig\u00e3s e l\u00facios, \u00e9 capaz de atingir dist\u00e2ncias consider\u00e1veis porque tem que lan\u00e7ar o lastro na fila. As cores hiper-realistas, em combina\u00e7\u00e3o com uma saia de silicone, s\u00e3o uma atra\u00e7\u00e3o irresist\u00edvel para os predadores. O perfil c\u00f4ncavo oposto move um bom corpo de \u00e1gua sob o impulso de rasgar realizada na recupera\u00e7\u00e3o, gerando o som cl\u00e1ssico que deu o nome ao popper. O refor\u00e7o \u00e9 constitu\u00eddo por um gancho resistente curva de largura dupla, em a\u00e7o de alto carbono, que os pontos de aderir ao perfil isca para alcan\u00e7ar a condi\u00e7\u00e3o de anti-algas: logo que o peixe comprime o corpo mole, a dicas em a\u00e7\u00e3o inexoravelmente. em blister individual.<\/p>","protected":false},"excerpt":{"rendered":"<p>Rapture Popper Frog Claramente dirigida \u00e0 pesca de ver\u00e3o para os achig\u00e3s e l\u00facios, \u00e9 capaz de atingir dist\u00e2ncias consider\u00e1veis porque tem que lan\u00e7ar o lastro na fila. As cores hiper-realistas, em combina\u00e7\u00e3o com uma saia de silicone, s\u00e3o uma atra\u00e7\u00e3o irresist\u00edvel para os predadores. O perfil c\u00f4ncavo oposto move um bom corpo de \u00e1gua [&hellip;]<\/p>\n","protected":false},"featured_media":25612,"comment_status":"open","ping_status":"closed","template":"","meta":{"_acf_changed":false},"product_brand":[337],"product_cat":[2308,2310],"product_tag":[],"class_list":{"0":"post-100894","1":"product","2":"type-product","3":"status-publish","4":"has-post-thumbnail","6":"product_brand-rapture","7":"product_cat-predadores","8":"product_cat-predadores-vinis","10":"first","11":"instock","12":"shipping-taxable","13":"purchasable","14":"product-type-variable"},"acf":[],"_links":{"self":[{"href":"https:\/\/sopesca.pt\/en\/wp-json\/wp\/v2\/product\/100894","targetHints":{"allow":["GET"]}}],"collection":[{"href":"https:\/\/sopesca.pt\/en\/wp-json\/wp\/v2\/product"}],"about":[{"href":"https:\/\/sopesca.pt\/en\/wp-json\/wp\/v2\/types\/product"}],"replies":[{"embeddable":true,"href":"https:\/\/sopesca.pt\/en\/wp-json\/wp\/v2\/comments?post=100894"}],"wp:featuredmedia":[{"embeddable":true,"href":"https:\/\/sopesca.pt\/en\/wp-json\/wp\/v2\/media\/25612"}],"wp:attachment":[{"href":"https:\/\/sopesca.pt\/en\/wp-json\/wp\/v2\/media?parent=100894"}],"wp:term":[{"taxonomy":"product_brand","embeddable":true,"href":"https:\/\/sopesca.pt\/en\/wp-json\/wp\/v2\/product_brand?post=100894"},{"taxonomy":"product_cat","embeddable":true,"href":"https:\/\/sopesca.pt\/en\/wp-json\/wp\/v2\/product_cat?post=100894"},{"taxonomy":"product_tag","embeddable":true,"href":"https:\/\/sopesca.pt\/en\/wp-json\/wp\/v2\/product_tag?post=100894"}],"curies":[{"name":"wp","href":"https:\/\/api.w.org\/{rel}","templated":true}]}}