{"id":100982,"date":"2026-02-21T23:38:08","date_gmt":"2026-02-21T23:38:08","guid":{"rendered":"http:\/\/matchbaits.pt\/?post_type=product&#038;p=100982"},"modified":"2026-03-30T10:07:20","modified_gmt":"2026-03-30T10:07:20","slug":"vip-magic-1kg","status":"publish","type":"product","link":"https:\/\/sopesca.pt\/en\/product\/vip-magic-1kg\/","title":{"rendered":"Vip Magic 1Kg"},"content":{"rendered":"<p>Milo Vip Magic 1Kg<\/p>\n<p>Engodo fino, muito doce, especialmente adequado para todos os peixes de fundo (especialmente Bremes, Carpas e Pimp\u00f5es). Acrescentou um ligante, com uma boa reten\u00e7\u00e3o para a adi\u00e7\u00e3o de isco vivo, resultando num excelente engodo mesmo sob \u00e1gua corrente. Para usar, recomenda-se que o humifique em duas etapas, deixe-o \u00e2\u00c2\u0080\u00c2\u009cdescansar\u00e2\u00c2\u0080\u00c2\u009d um pouco, passando-o, por fim, numa peneira. Se voc\u00ea deseja obter uma mistura com o efeito mais perturbador, adicione o Torteau de Mais na propor\u00e7\u00e3o de um saco para cada tr\u00eas de engodo.<\/p>","protected":false},"excerpt":{"rendered":"<p>Milo Vip Magic 1Kg Engodo fino, muito doce, especialmente adequado para todos os peixes de fundo (especialmente Bremes, Carpas e Pimp\u00f5es). Acrescentou um ligante, com uma boa reten\u00e7\u00e3o para a adi\u00e7\u00e3o de isco vivo, resultando num excelente engodo mesmo sob \u00e1gua corrente. Para usar, recomenda-se que o humifique em duas etapas, deixe-o \u00e2\u00c2\u0080\u00c2\u009cdescansar\u00e2\u00c2\u0080\u00c2\u009d um pouco, [&hellip;]<\/p>\n","protected":false},"featured_media":25081,"comment_status":"open","ping_status":"closed","template":"","meta":{"_acf_changed":false},"product_brand":[111],"product_cat":[5494,5491],"product_tag":[],"class_list":{"0":"post-100982","1":"product","2":"type-product","3":"status-publish","4":"has-post-thumbnail","6":"product_brand-milo","7":"product_cat-engodo-terra-aditivos-engodo","8":"product_cat-engodo-terra-aditivo","10":"first","11":"outofstock","12":"shipping-taxable","13":"purchasable","14":"product-type-variable"},"acf":[],"_links":{"self":[{"href":"https:\/\/sopesca.pt\/en\/wp-json\/wp\/v2\/product\/100982","targetHints":{"allow":["GET"]}}],"collection":[{"href":"https:\/\/sopesca.pt\/en\/wp-json\/wp\/v2\/product"}],"about":[{"href":"https:\/\/sopesca.pt\/en\/wp-json\/wp\/v2\/types\/product"}],"replies":[{"embeddable":true,"href":"https:\/\/sopesca.pt\/en\/wp-json\/wp\/v2\/comments?post=100982"}],"wp:featuredmedia":[{"embeddable":true,"href":"https:\/\/sopesca.pt\/en\/wp-json\/wp\/v2\/media\/25081"}],"wp:attachment":[{"href":"https:\/\/sopesca.pt\/en\/wp-json\/wp\/v2\/media?parent=100982"}],"wp:term":[{"taxonomy":"product_brand","embeddable":true,"href":"https:\/\/sopesca.pt\/en\/wp-json\/wp\/v2\/product_brand?post=100982"},{"taxonomy":"product_cat","embeddable":true,"href":"https:\/\/sopesca.pt\/en\/wp-json\/wp\/v2\/product_cat?post=100982"},{"taxonomy":"product_tag","embeddable":true,"href":"https:\/\/sopesca.pt\/en\/wp-json\/wp\/v2\/product_tag?post=100982"}],"curies":[{"name":"wp","href":"https:\/\/api.w.org\/{rel}","templated":true}]}}