{"id":101076,"date":"2026-02-21T23:38:24","date_gmt":"2026-02-21T23:38:24","guid":{"rendered":"http:\/\/matchbaits.pt\/?post_type=product&#038;p=101076"},"modified":"2026-03-04T14:34:31","modified_gmt":"2026-03-04T14:34:31","slug":"bait-up-feeder","status":"publish","type":"product","link":"https:\/\/sopesca.pt\/en\/product\/bait-up-feeder\/","title":{"rendered":"Bait Up Feeder"},"content":{"rendered":"<h2>Bait Up Feeder<\/h2>\n<p>&nbsp;<\/p>\n<p>Os Feeders &#8220;Bait Up&#8221; s\u00e3o perfeitos para a introdu\u00e7\u00e3o de grandes quantidades de engodo no in\u00edcio de sua sess\u00e3o ou reengodar no meio da sess\u00e3o. Os lados fechados do feeder permitem que voc\u00ea conecte lotes de alimenta\u00e7\u00e3o solto no alimentador sem que ela se perca durante o lan\u00e7amento ou no impacto com a \u00e1gua. Cada tamanho tem dispon\u00edvel dois pesos populares que podem ser escolhidos de acordo com as condi\u00e7\u00f5es clim\u00e1ticas e gama de elenco no dia.<\/p>","protected":false},"excerpt":{"rendered":"<p>Bait Up Feeder &nbsp; Os Feeders &#8220;Bait Up&#8221; s\u00e3o perfeitos para a introdu\u00e7\u00e3o de grandes quantidades de engodo no in\u00edcio de sua sess\u00e3o ou reengodar no meio da sess\u00e3o. Os lados fechados do feeder permitem que voc\u00ea conecte lotes de alimenta\u00e7\u00e3o solto no alimentador sem que ela se perca durante o lan\u00e7amento ou no impacto [&hellip;]<\/p>\n","protected":false},"featured_media":25170,"comment_status":"open","ping_status":"closed","template":"","meta":{"_acf_changed":false},"product_brand":[153],"product_cat":[2281,2272],"product_tag":[],"class_list":{"0":"post-101076","1":"product","2":"type-product","3":"status-publish","4":"has-post-thumbnail","6":"product_brand-preston","7":"product_cat-feeders-acessorios-feeders","8":"product_cat-feeders-acessorios","10":"first","11":"instock","12":"shipping-taxable","13":"purchasable","14":"product-type-variable"},"acf":[],"_links":{"self":[{"href":"https:\/\/sopesca.pt\/en\/wp-json\/wp\/v2\/product\/101076","targetHints":{"allow":["GET"]}}],"collection":[{"href":"https:\/\/sopesca.pt\/en\/wp-json\/wp\/v2\/product"}],"about":[{"href":"https:\/\/sopesca.pt\/en\/wp-json\/wp\/v2\/types\/product"}],"replies":[{"embeddable":true,"href":"https:\/\/sopesca.pt\/en\/wp-json\/wp\/v2\/comments?post=101076"}],"wp:featuredmedia":[{"embeddable":true,"href":"https:\/\/sopesca.pt\/en\/wp-json\/wp\/v2\/media\/25170"}],"wp:attachment":[{"href":"https:\/\/sopesca.pt\/en\/wp-json\/wp\/v2\/media?parent=101076"}],"wp:term":[{"taxonomy":"product_brand","embeddable":true,"href":"https:\/\/sopesca.pt\/en\/wp-json\/wp\/v2\/product_brand?post=101076"},{"taxonomy":"product_cat","embeddable":true,"href":"https:\/\/sopesca.pt\/en\/wp-json\/wp\/v2\/product_cat?post=101076"},{"taxonomy":"product_tag","embeddable":true,"href":"https:\/\/sopesca.pt\/en\/wp-json\/wp\/v2\/product_tag?post=101076"}],"curies":[{"name":"wp","href":"https:\/\/api.w.org\/{rel}","templated":true}]}}