{"id":101103,"date":"2026-02-21T23:38:29","date_gmt":"2026-02-21T23:38:29","guid":{"rendered":"http:\/\/matchbaits.pt\/?post_type=product&#038;p=101103"},"modified":"2026-04-12T12:50:15","modified_gmt":"2026-04-12T12:50:15","slug":"pulla-bung","status":"publish","type":"product","link":"https:\/\/sopesca.pt\/en\/product\/pulla-bung\/","title":{"rendered":"Pulla Bung"},"content":{"rendered":"<p>Pulla Bung Fabricado a partir de pl\u00e1stico leve, Pulla Bung permite ao pescador puxar o el\u00e1stico apertado ap\u00f3s a retirada do kit top. A vantagem \u00e9 que pode usar el\u00e1sticos mais leves para pesca \u00e0s carpas pequenas, mas apert\u00e1-lo no caso de uma captura maior. Isto significa que voc\u00ea n\u00e3o precisa de colocar a carpa grande no camaroeiro em 5s ou 6s, no entanto, leva a um melhor controle, maior recupera\u00e7\u00e3o do peixe e menos ruturas das canas.<\/p>","protected":false},"excerpt":{"rendered":"<p>Pulla Bung Fabricado a partir de pl\u00e1stico leve, Pulla Bung permite ao pescador puxar o el\u00e1stico apertado ap\u00f3s a retirada do kit top. A vantagem \u00e9 que pode usar el\u00e1sticos mais leves para pesca \u00e0s carpas pequenas, mas apert\u00e1-lo no caso de uma captura maior. Isto significa que voc\u00ea n\u00e3o precisa de colocar a carpa [&hellip;]<\/p>\n","protected":false},"featured_media":50713,"comment_status":"open","ping_status":"closed","template":"","meta":{"_acf_changed":false},"product_brand":[153],"product_cat":[2276,2275],"product_tag":[],"class_list":{"0":"post-101103","1":"product","2":"type-product","3":"status-publish","4":"has-post-thumbnail","6":"product_brand-preston","7":"product_cat-canas-acessorios","8":"product_cat-canas-acessorios-elasticos-acessorios","10":"first","11":"instock","12":"shipping-taxable","13":"purchasable","14":"product-type-variable"},"acf":[],"_links":{"self":[{"href":"https:\/\/sopesca.pt\/en\/wp-json\/wp\/v2\/product\/101103","targetHints":{"allow":["GET"]}}],"collection":[{"href":"https:\/\/sopesca.pt\/en\/wp-json\/wp\/v2\/product"}],"about":[{"href":"https:\/\/sopesca.pt\/en\/wp-json\/wp\/v2\/types\/product"}],"replies":[{"embeddable":true,"href":"https:\/\/sopesca.pt\/en\/wp-json\/wp\/v2\/comments?post=101103"}],"wp:featuredmedia":[{"embeddable":true,"href":"https:\/\/sopesca.pt\/en\/wp-json\/wp\/v2\/media\/50713"}],"wp:attachment":[{"href":"https:\/\/sopesca.pt\/en\/wp-json\/wp\/v2\/media?parent=101103"}],"wp:term":[{"taxonomy":"product_brand","embeddable":true,"href":"https:\/\/sopesca.pt\/en\/wp-json\/wp\/v2\/product_brand?post=101103"},{"taxonomy":"product_cat","embeddable":true,"href":"https:\/\/sopesca.pt\/en\/wp-json\/wp\/v2\/product_cat?post=101103"},{"taxonomy":"product_tag","embeddable":true,"href":"https:\/\/sopesca.pt\/en\/wp-json\/wp\/v2\/product_tag?post=101103"}],"curies":[{"name":"wp","href":"https:\/\/api.w.org\/{rel}","templated":true}]}}