{"id":101105,"date":"2026-02-21T23:38:29","date_gmt":"2026-02-21T23:38:29","guid":{"rendered":"http:\/\/matchbaits.pt\/?post_type=product&#038;p=101105"},"modified":"2026-03-04T14:40:05","modified_gmt":"2026-03-04T14:40:05","slug":"super-soft-shot","status":"publish","type":"product","link":"https:\/\/sopesca.pt\/en\/product\/super-soft-shot\/","title":{"rendered":"Super Soft Shot"},"content":{"rendered":"<p>Super Soft Shot Calibrados com precis\u00e3o para peso consistente, Super Soft Shot \u00e9 feito a partir de 100% de chumbo e t\u00eam uma ranhura, de corte central, bem formada permitindo a coloca\u00e7\u00e3o dos chumbos em linhas finas e grossas de uma forma r\u00e1pida e f\u00e1cil. O chumbo \u00e9 super-macio o que permite que eles possam ser movidos na linha com danos m\u00ednimos.<\/p>","protected":false},"excerpt":{"rendered":"<p>Super Soft Shot Calibrados com precis\u00e3o para peso consistente, Super Soft Shot \u00e9 feito a partir de 100% de chumbo e t\u00eam uma ranhura, de corte central, bem formada permitindo a coloca\u00e7\u00e3o dos chumbos em linhas finas e grossas de uma forma r\u00e1pida e f\u00e1cil. O chumbo \u00e9 super-macio o que permite que eles possam [&hellip;]<\/p>\n","protected":false},"featured_media":50708,"comment_status":"open","ping_status":"closed","template":"","meta":{"_acf_changed":false},"product_brand":[153],"product_cat":[2366,2354],"product_tag":[],"class_list":{"0":"post-101105","1":"product","2":"type-product","3":"status-publish","4":"has-post-thumbnail","6":"product_brand-preston","7":"product_cat-acessorios","8":"product_cat-acessorios-chumbos","10":"first","11":"instock","12":"shipping-taxable","13":"purchasable","14":"product-type-variable"},"acf":[],"_links":{"self":[{"href":"https:\/\/sopesca.pt\/en\/wp-json\/wp\/v2\/product\/101105","targetHints":{"allow":["GET"]}}],"collection":[{"href":"https:\/\/sopesca.pt\/en\/wp-json\/wp\/v2\/product"}],"about":[{"href":"https:\/\/sopesca.pt\/en\/wp-json\/wp\/v2\/types\/product"}],"replies":[{"embeddable":true,"href":"https:\/\/sopesca.pt\/en\/wp-json\/wp\/v2\/comments?post=101105"}],"wp:featuredmedia":[{"embeddable":true,"href":"https:\/\/sopesca.pt\/en\/wp-json\/wp\/v2\/media\/50708"}],"wp:attachment":[{"href":"https:\/\/sopesca.pt\/en\/wp-json\/wp\/v2\/media?parent=101105"}],"wp:term":[{"taxonomy":"product_brand","embeddable":true,"href":"https:\/\/sopesca.pt\/en\/wp-json\/wp\/v2\/product_brand?post=101105"},{"taxonomy":"product_cat","embeddable":true,"href":"https:\/\/sopesca.pt\/en\/wp-json\/wp\/v2\/product_cat?post=101105"},{"taxonomy":"product_tag","embeddable":true,"href":"https:\/\/sopesca.pt\/en\/wp-json\/wp\/v2\/product_tag?post=101105"}],"curies":[{"name":"wp","href":"https:\/\/api.w.org\/{rel}","templated":true}]}}