{"id":101107,"date":"2026-02-21T23:38:30","date_gmt":"2026-02-21T23:38:30","guid":{"rendered":"http:\/\/matchbaits.pt\/?post_type=product&#038;p=101107"},"modified":"2026-03-04T14:43:11","modified_gmt":"2026-03-04T14:43:11","slug":"angle-lock","status":"publish","type":"product","link":"https:\/\/sopesca.pt\/en\/product\/angle-lock\/","title":{"rendered":"Angle Lock"},"content":{"rendered":"<p>Angle Lock Concebido para ser aparafusado num BankStick OffBox ou um bra\u00e7o, o \u00e2ngulo de inclina\u00e7\u00e3o tem um mecanismo de bloqueio robusto que ir\u00e1 tomar qualquer acess\u00f3rio com uma rosca padr\u00e3o e torn\u00e1-lo ajust\u00e1vel.<\/p>","protected":false},"excerpt":{"rendered":"<p>Angle Lock Concebido para ser aparafusado num BankStick OffBox ou um bra\u00e7o, o \u00e2ngulo de inclina\u00e7\u00e3o tem um mecanismo de bloqueio robusto que ir\u00e1 tomar qualquer acess\u00f3rio com uma rosca padr\u00e3o e torn\u00e1-lo ajust\u00e1vel.<\/p>","protected":false},"featured_media":50702,"comment_status":"open","ping_status":"closed","template":"","meta":{"_acf_changed":false},"product_brand":[153],"product_cat":[2367,2300],"product_tag":[],"class_list":{"0":"post-101107","1":"product","2":"type-product","3":"status-publish","4":"has-post-thumbnail","6":"product_brand-preston","7":"product_cat-panier-acessorios-acessorios","8":"product_cat-panier-acessorios","10":"first","11":"instock","12":"shipping-taxable","13":"purchasable","14":"product-type-variable"},"acf":[],"_links":{"self":[{"href":"https:\/\/sopesca.pt\/en\/wp-json\/wp\/v2\/product\/101107","targetHints":{"allow":["GET"]}}],"collection":[{"href":"https:\/\/sopesca.pt\/en\/wp-json\/wp\/v2\/product"}],"about":[{"href":"https:\/\/sopesca.pt\/en\/wp-json\/wp\/v2\/types\/product"}],"replies":[{"embeddable":true,"href":"https:\/\/sopesca.pt\/en\/wp-json\/wp\/v2\/comments?post=101107"}],"wp:featuredmedia":[{"embeddable":true,"href":"https:\/\/sopesca.pt\/en\/wp-json\/wp\/v2\/media\/50702"}],"wp:attachment":[{"href":"https:\/\/sopesca.pt\/en\/wp-json\/wp\/v2\/media?parent=101107"}],"wp:term":[{"taxonomy":"product_brand","embeddable":true,"href":"https:\/\/sopesca.pt\/en\/wp-json\/wp\/v2\/product_brand?post=101107"},{"taxonomy":"product_cat","embeddable":true,"href":"https:\/\/sopesca.pt\/en\/wp-json\/wp\/v2\/product_cat?post=101107"},{"taxonomy":"product_tag","embeddable":true,"href":"https:\/\/sopesca.pt\/en\/wp-json\/wp\/v2\/product_tag?post=101107"}],"curies":[{"name":"wp","href":"https:\/\/api.w.org\/{rel}","templated":true}]}}