{"id":101320,"date":"2026-02-21T23:39:17","date_gmt":"2026-02-21T23:39:17","guid":{"rendered":"http:\/\/matchbaits.pt\/?post_type=product&#038;p=101320"},"modified":"2026-04-19T00:43:24","modified_gmt":"2026-04-19T00:43:24","slug":"mega-brolly-arm","status":"publish","type":"product","link":"https:\/\/sopesca.pt\/en\/product\/mega-brolly-arm\/","title":{"rendered":"Mega Brolly Arm"},"content":{"rendered":"<p>Mega Brolly Arm<\/p>\n<p>Com juntas duplas para a m\u00e1xima estabilidade, eles garantem o guarda-chuva no panier e podem ser girados para a posi\u00e7\u00e3o desejada para uma cobertura ideal.<\/p>\n<p>Inser\u00e7\u00f5es fornecidas &#8211; 30mm, 25mm e 23mm OffBox<\/p>","protected":false},"excerpt":{"rendered":"<p>Mega Brolly Arm Com juntas duplas para a m\u00e1xima estabilidade, eles garantem o guarda-chuva no panier e podem ser girados para a posi\u00e7\u00e3o desejada para uma cobertura ideal. Inser\u00e7\u00f5es fornecidas &#8211; 30mm, 25mm e 23mm OffBox<\/p>","protected":false},"featured_media":25300,"comment_status":"open","ping_status":"closed","template":"","meta":{"_acf_changed":false},"product_brand":[153],"product_cat":[2369,2300],"product_tag":[],"class_list":{"0":"post-101320","1":"product","2":"type-product","3":"status-publish","4":"has-post-thumbnail","6":"product_brand-preston","7":"product_cat-panier-acessorios-bracos","8":"product_cat-panier-acessorios","10":"first","11":"instock","12":"shipping-taxable","13":"purchasable","14":"product-type-variable"},"acf":[],"_links":{"self":[{"href":"https:\/\/sopesca.pt\/en\/wp-json\/wp\/v2\/product\/101320","targetHints":{"allow":["GET"]}}],"collection":[{"href":"https:\/\/sopesca.pt\/en\/wp-json\/wp\/v2\/product"}],"about":[{"href":"https:\/\/sopesca.pt\/en\/wp-json\/wp\/v2\/types\/product"}],"replies":[{"embeddable":true,"href":"https:\/\/sopesca.pt\/en\/wp-json\/wp\/v2\/comments?post=101320"}],"wp:featuredmedia":[{"embeddable":true,"href":"https:\/\/sopesca.pt\/en\/wp-json\/wp\/v2\/media\/25300"}],"wp:attachment":[{"href":"https:\/\/sopesca.pt\/en\/wp-json\/wp\/v2\/media?parent=101320"}],"wp:term":[{"taxonomy":"product_brand","embeddable":true,"href":"https:\/\/sopesca.pt\/en\/wp-json\/wp\/v2\/product_brand?post=101320"},{"taxonomy":"product_cat","embeddable":true,"href":"https:\/\/sopesca.pt\/en\/wp-json\/wp\/v2\/product_cat?post=101320"},{"taxonomy":"product_tag","embeddable":true,"href":"https:\/\/sopesca.pt\/en\/wp-json\/wp\/v2\/product_tag?post=101320"}],"curies":[{"name":"wp","href":"https:\/\/api.w.org\/{rel}","templated":true}]}}