{"id":101403,"date":"2026-02-21T23:39:34","date_gmt":"2026-02-21T23:39:34","guid":{"rendered":"http:\/\/matchbaits.pt\/?post_type=product&#038;p=101403"},"modified":"2026-03-11T11:20:05","modified_gmt":"2026-03-11T11:20:05","slug":"deluxe-butt-rest-arm","status":"publish","type":"product","link":"https:\/\/sopesca.pt\/en\/product\/deluxe-butt-rest-arm\/","title":{"rendered":"Deluxe Butt Rest Arm"},"content":{"rendered":"<p>Deluxe Butt Rest Arm<\/p>\n<p>Perfeito para a coloca\u00e7\u00e3o, com precis\u00e3o, da ponteira da cana de feeder, totalmente ajust\u00e1vel e com duplas c\u00e2meras de libera\u00e7\u00e3o r\u00e1pida Snap-Lok para melhor ajuste. Inclui uma cabe\u00e7a de repouso compacta e holandesa EVA.<\/p>\n<p>Inser\u00e7\u00f5es inclu\u00eddas: 30mm Round, 25mm Round, 23mm OffBox.<\/p>","protected":false},"excerpt":{"rendered":"<p>Deluxe Butt Rest Arm Perfeito para a coloca\u00e7\u00e3o, com precis\u00e3o, da ponteira da cana de feeder, totalmente ajust\u00e1vel e com duplas c\u00e2meras de libera\u00e7\u00e3o r\u00e1pida Snap-Lok para melhor ajuste. Inclui uma cabe\u00e7a de repouso compacta e holandesa EVA. Inser\u00e7\u00f5es inclu\u00eddas: 30mm Round, 25mm Round, 23mm OffBox.<\/p>","protected":false},"featured_media":50163,"comment_status":"open","ping_status":"closed","template":"","meta":{"_acf_changed":false},"product_brand":[153],"product_cat":[2370,2300],"product_tag":[],"class_list":{"0":"post-101403","1":"product","2":"type-product","3":"status-publish","4":"has-post-thumbnail","6":"product_brand-preston","7":"product_cat-panier-acessorios-descanso-de-cana","8":"product_cat-panier-acessorios","10":"first","11":"instock","12":"shipping-taxable","13":"purchasable","14":"product-type-variable"},"acf":[],"_links":{"self":[{"href":"https:\/\/sopesca.pt\/en\/wp-json\/wp\/v2\/product\/101403","targetHints":{"allow":["GET"]}}],"collection":[{"href":"https:\/\/sopesca.pt\/en\/wp-json\/wp\/v2\/product"}],"about":[{"href":"https:\/\/sopesca.pt\/en\/wp-json\/wp\/v2\/types\/product"}],"replies":[{"embeddable":true,"href":"https:\/\/sopesca.pt\/en\/wp-json\/wp\/v2\/comments?post=101403"}],"wp:featuredmedia":[{"embeddable":true,"href":"https:\/\/sopesca.pt\/en\/wp-json\/wp\/v2\/media\/50163"}],"wp:attachment":[{"href":"https:\/\/sopesca.pt\/en\/wp-json\/wp\/v2\/media?parent=101403"}],"wp:term":[{"taxonomy":"product_brand","embeddable":true,"href":"https:\/\/sopesca.pt\/en\/wp-json\/wp\/v2\/product_brand?post=101403"},{"taxonomy":"product_cat","embeddable":true,"href":"https:\/\/sopesca.pt\/en\/wp-json\/wp\/v2\/product_cat?post=101403"},{"taxonomy":"product_tag","embeddable":true,"href":"https:\/\/sopesca.pt\/en\/wp-json\/wp\/v2\/product_tag?post=101403"}],"curies":[{"name":"wp","href":"https:\/\/api.w.org\/{rel}","templated":true}]}}