{"id":101410,"date":"2026-02-21T23:39:34","date_gmt":"2026-02-21T23:39:34","guid":{"rendered":"http:\/\/matchbaits.pt\/?post_type=product&#038;p=101410"},"modified":"2026-04-19T00:43:24","modified_gmt":"2026-04-19T00:43:24","slug":"uni-side-tray-support","status":"publish","type":"product","link":"https:\/\/sopesca.pt\/en\/product\/uni-side-tray-support\/","title":{"rendered":"Uni Side Tray Support"},"content":{"rendered":"<p>Suporte Uni Side Tray<\/p>\n<p>As pernas de apoio da bandeja lateral muitas vezes podem ser imposs\u00edveis de usar, devido \u00e0 profundidade de margens ou plataformas de pesca estreitas, que podem deixar sua bandeja sem suporte.<\/p>\n<p>O Bra\u00e7o de Suporte da Bandeja Uni Side resolve este problema e fornece o suporte m\u00e1ximo para qualquer bandeja lateral. O disco de suporte integral distribui peso e estabiliza sua bandeja, eliminando qualquer dano potencial causado pela falta de suporte, enquanto os pontos de fixa\u00e7\u00e3o duais 3-6-D instalados diretamente na perna da caixa garantem estabilidade. Compat\u00edvel com perfis de perna de at\u00e9 36mm de di\u00e2metro.<\/p>\n<p>Inser\u00e7\u00f5es fornecidas &#8211; 30mm Round, 25mm Round, 23mm OnBox<\/p>","protected":false},"excerpt":{"rendered":"<p>Suporte Uni Side Tray As pernas de apoio da bandeja lateral muitas vezes podem ser imposs\u00edveis de usar, devido \u00e0 profundidade de margens ou plataformas de pesca estreitas, que podem deixar sua bandeja sem suporte. O Bra\u00e7o de Suporte da Bandeja Uni Side resolve este problema e fornece o suporte m\u00e1ximo para qualquer bandeja lateral. [&hellip;]<\/p>\n","protected":false},"featured_media":25690,"comment_status":"open","ping_status":"closed","template":"","meta":{"_acf_changed":false},"product_brand":[153],"product_cat":[2369,2300],"product_tag":[],"class_list":{"0":"post-101410","1":"product","2":"type-product","3":"status-publish","4":"has-post-thumbnail","6":"product_brand-preston","7":"product_cat-panier-acessorios-bracos","8":"product_cat-panier-acessorios","10":"first","11":"instock","12":"shipping-taxable","13":"purchasable","14":"product-type-variable"},"acf":[],"_links":{"self":[{"href":"https:\/\/sopesca.pt\/en\/wp-json\/wp\/v2\/product\/101410","targetHints":{"allow":["GET"]}}],"collection":[{"href":"https:\/\/sopesca.pt\/en\/wp-json\/wp\/v2\/product"}],"about":[{"href":"https:\/\/sopesca.pt\/en\/wp-json\/wp\/v2\/types\/product"}],"replies":[{"embeddable":true,"href":"https:\/\/sopesca.pt\/en\/wp-json\/wp\/v2\/comments?post=101410"}],"wp:featuredmedia":[{"embeddable":true,"href":"https:\/\/sopesca.pt\/en\/wp-json\/wp\/v2\/media\/25690"}],"wp:attachment":[{"href":"https:\/\/sopesca.pt\/en\/wp-json\/wp\/v2\/media?parent=101410"}],"wp:term":[{"taxonomy":"product_brand","embeddable":true,"href":"https:\/\/sopesca.pt\/en\/wp-json\/wp\/v2\/product_brand?post=101410"},{"taxonomy":"product_cat","embeddable":true,"href":"https:\/\/sopesca.pt\/en\/wp-json\/wp\/v2\/product_cat?post=101410"},{"taxonomy":"product_tag","embeddable":true,"href":"https:\/\/sopesca.pt\/en\/wp-json\/wp\/v2\/product_tag?post=101410"}],"curies":[{"name":"wp","href":"https:\/\/api.w.org\/{rel}","templated":true}]}}