{"id":101590,"date":"2026-02-21T23:40:16","date_gmt":"2026-02-21T23:40:16","guid":{"rendered":"http:\/\/matchbaits.pt\/?post_type=product&#038;p=101590"},"modified":"2026-03-11T11:14:39","modified_gmt":"2026-03-11T11:14:39","slug":"joker-fix","status":"publish","type":"product","link":"https:\/\/sopesca.pt\/en\/product\/joker-fix\/","title":{"rendered":"Joker Fix"},"content":{"rendered":"<p>Joker Fix<\/p>\n<p>Joker Fix \u00e9 perfeito para permitir que voc\u00ea consiga fazer pequenas bolas de foullies puro e, atrav\u00e9s do copele, alimentar o seu pesqueiro. Perfeito para pesca dif\u00edcil quando \u00e9 necess\u00e1ria uma alimenta\u00e7\u00e3o regular.<\/p>","protected":false},"excerpt":{"rendered":"<p>Joker Fix Joker Fix \u00e9 perfeito para permitir que voc\u00ea consiga fazer pequenas bolas de foullies puro e, atrav\u00e9s do copele, alimentar o seu pesqueiro. Perfeito para pesca dif\u00edcil quando \u00e9 necess\u00e1ria uma alimenta\u00e7\u00e3o regular.<\/p>","protected":false},"featured_media":50810,"comment_status":"open","ping_status":"closed","template":"","meta":{"_acf_changed":false},"product_brand":[110],"product_cat":[2287,2282],"product_tag":[],"class_list":{"0":"post-101590","1":"product","2":"type-product","3":"status-publish","4":"has-post-thumbnail","6":"product_brand-sensas","7":"product_cat-iscos-colas-goma-arabica","8":"product_cat-iscos-colas","10":"first","11":"instock","12":"shipping-taxable","13":"purchasable","14":"product-type-variable"},"acf":[],"_links":{"self":[{"href":"https:\/\/sopesca.pt\/en\/wp-json\/wp\/v2\/product\/101590","targetHints":{"allow":["GET"]}}],"collection":[{"href":"https:\/\/sopesca.pt\/en\/wp-json\/wp\/v2\/product"}],"about":[{"href":"https:\/\/sopesca.pt\/en\/wp-json\/wp\/v2\/types\/product"}],"replies":[{"embeddable":true,"href":"https:\/\/sopesca.pt\/en\/wp-json\/wp\/v2\/comments?post=101590"}],"wp:featuredmedia":[{"embeddable":true,"href":"https:\/\/sopesca.pt\/en\/wp-json\/wp\/v2\/media\/50810"}],"wp:attachment":[{"href":"https:\/\/sopesca.pt\/en\/wp-json\/wp\/v2\/media?parent=101590"}],"wp:term":[{"taxonomy":"product_brand","embeddable":true,"href":"https:\/\/sopesca.pt\/en\/wp-json\/wp\/v2\/product_brand?post=101590"},{"taxonomy":"product_cat","embeddable":true,"href":"https:\/\/sopesca.pt\/en\/wp-json\/wp\/v2\/product_cat?post=101590"},{"taxonomy":"product_tag","embeddable":true,"href":"https:\/\/sopesca.pt\/en\/wp-json\/wp\/v2\/product_tag?post=101590"}],"curies":[{"name":"wp","href":"https:\/\/api.w.org\/{rel}","templated":true}]}}