{"id":101704,"date":"2026-02-21T23:40:40","date_gmt":"2026-02-21T23:40:40","guid":{"rendered":"http:\/\/matchbaits.pt\/?post_type=product&#038;p=101704"},"modified":"2026-03-03T17:27:31","modified_gmt":"2026-03-03T17:27:31","slug":"venta-lite-slimline-tray","status":"publish","type":"product","link":"https:\/\/sopesca.pt\/en\/product\/venta-lite-slimline-tray\/","title":{"rendered":"Venta-Lite Slimline Tray"},"content":{"rendered":"<h2>Venta-Lite Slimline Tray<\/h2>\n<p>&nbsp;<\/p>\n<p>A Bandeja Slimline Venta-lite \u00e9 a bandeja mais vers\u00e1til que j\u00e1 produzimos. Originalmente concebido como uma bandeja secund\u00e1ria para ser montada na parte traseira do sua panier, ideal para aplica\u00e7\u00f5es de vadear, tamb\u00e9m funciona como uma solu\u00e7\u00e3o compacta para estacas com espa\u00e7o limitado ou o pescador que possui requisitos m\u00ednimos de isca.<\/p>","protected":false},"excerpt":{"rendered":"<p>Venta-Lite Slimline Tray &nbsp; A Bandeja Slimline Venta-lite \u00e9 a bandeja mais vers\u00e1til que j\u00e1 produzimos. Originalmente concebido como uma bandeja secund\u00e1ria para ser montada na parte traseira do sua panier, ideal para aplica\u00e7\u00f5es de vadear, tamb\u00e9m funciona como uma solu\u00e7\u00e3o compacta para estacas com espa\u00e7o limitado ou o pescador que possui requisitos m\u00ednimos de [&hellip;]<\/p>\n","protected":false},"featured_media":49821,"comment_status":"open","ping_status":"closed","template":"","meta":{"_acf_changed":false},"product_brand":[153],"product_cat":[2371,2300],"product_tag":[],"class_list":{"0":"post-101704","1":"product","2":"type-product","3":"status-publish","4":"has-post-thumbnail","6":"product_brand-preston","7":"product_cat-panier-acessorios-mesas","8":"product_cat-panier-acessorios","10":"first","11":"instock","12":"shipping-taxable","13":"purchasable","14":"product-type-variable"},"acf":[],"_links":{"self":[{"href":"https:\/\/sopesca.pt\/en\/wp-json\/wp\/v2\/product\/101704","targetHints":{"allow":["GET"]}}],"collection":[{"href":"https:\/\/sopesca.pt\/en\/wp-json\/wp\/v2\/product"}],"about":[{"href":"https:\/\/sopesca.pt\/en\/wp-json\/wp\/v2\/types\/product"}],"replies":[{"embeddable":true,"href":"https:\/\/sopesca.pt\/en\/wp-json\/wp\/v2\/comments?post=101704"}],"wp:featuredmedia":[{"embeddable":true,"href":"https:\/\/sopesca.pt\/en\/wp-json\/wp\/v2\/media\/49821"}],"wp:attachment":[{"href":"https:\/\/sopesca.pt\/en\/wp-json\/wp\/v2\/media?parent=101704"}],"wp:term":[{"taxonomy":"product_brand","embeddable":true,"href":"https:\/\/sopesca.pt\/en\/wp-json\/wp\/v2\/product_brand?post=101704"},{"taxonomy":"product_cat","embeddable":true,"href":"https:\/\/sopesca.pt\/en\/wp-json\/wp\/v2\/product_cat?post=101704"},{"taxonomy":"product_tag","embeddable":true,"href":"https:\/\/sopesca.pt\/en\/wp-json\/wp\/v2\/product_tag?post=101704"}],"curies":[{"name":"wp","href":"https:\/\/api.w.org\/{rel}","templated":true}]}}