{"id":101825,"date":"2026-02-21T23:41:06","date_gmt":"2026-02-21T23:41:06","guid":{"rendered":"http:\/\/matchbaits.pt\/?post_type=product&#038;p=101825"},"modified":"2026-04-21T20:29:35","modified_gmt":"2026-04-21T20:29:35","slug":"mf-24","status":"publish","type":"product","link":"https:\/\/sopesca.pt\/en\/product\/mf-24\/","title":{"rendered":"MF 24"},"content":{"rendered":"<h2>MF 24<\/h2>\n<p>&nbsp;<\/p>\n<p>Esta boia e verdadeiramente fant\u00e1stica&#8230;<\/p>\n<p>Tem o corpo em balsa e pena de pav\u00e3o.<\/p>\n<p>A antena \u00e9 oca para melhor visibilidade.<\/p>\n<p>Permite a pesca de slider tanto a pequenas como m\u00e9dias dist\u00e2ncias com alta precis\u00e3o de lan\u00e7amento.<\/p>","protected":false},"excerpt":{"rendered":"<p>MF 24 &nbsp; Esta boia e verdadeiramente fant\u00e1stica&#8230; Tem o corpo em balsa e pena de pav\u00e3o. A antena \u00e9 oca para melhor visibilidade. Permite a pesca de slider tanto a pequenas como m\u00e9dias dist\u00e2ncias com alta precis\u00e3o de lan\u00e7amento.<\/p>","protected":false},"featured_media":108643,"comment_status":"open","ping_status":"closed","template":"","meta":{"_acf_changed":false},"product_brand":[2814,704],"product_cat":[2267,2306],"product_tag":[],"class_list":{"0":"post-101825","1":"product","2":"type-product","3":"status-publish","4":"has-post-thumbnail","6":"product_brand-matchbaits","7":"product_brand-matchfloat","8":"product_cat-boias","9":"product_cat-boias-inglesa","11":"first","12":"instock","13":"shipping-taxable","14":"purchasable","15":"product-type-variable"},"acf":[],"_links":{"self":[{"href":"https:\/\/sopesca.pt\/en\/wp-json\/wp\/v2\/product\/101825","targetHints":{"allow":["GET"]}}],"collection":[{"href":"https:\/\/sopesca.pt\/en\/wp-json\/wp\/v2\/product"}],"about":[{"href":"https:\/\/sopesca.pt\/en\/wp-json\/wp\/v2\/types\/product"}],"replies":[{"embeddable":true,"href":"https:\/\/sopesca.pt\/en\/wp-json\/wp\/v2\/comments?post=101825"}],"wp:featuredmedia":[{"embeddable":true,"href":"https:\/\/sopesca.pt\/en\/wp-json\/wp\/v2\/media\/108643"}],"wp:attachment":[{"href":"https:\/\/sopesca.pt\/en\/wp-json\/wp\/v2\/media?parent=101825"}],"wp:term":[{"taxonomy":"product_brand","embeddable":true,"href":"https:\/\/sopesca.pt\/en\/wp-json\/wp\/v2\/product_brand?post=101825"},{"taxonomy":"product_cat","embeddable":true,"href":"https:\/\/sopesca.pt\/en\/wp-json\/wp\/v2\/product_cat?post=101825"},{"taxonomy":"product_tag","embeddable":true,"href":"https:\/\/sopesca.pt\/en\/wp-json\/wp\/v2\/product_tag?post=101825"}],"curies":[{"name":"wp","href":"https:\/\/api.w.org\/{rel}","templated":true}]}}