{"id":101826,"date":"2026-02-21T23:41:06","date_gmt":"2026-02-21T23:41:06","guid":{"rendered":"http:\/\/matchbaits.pt\/?post_type=product&#038;p=101826"},"modified":"2026-04-04T11:26:34","modified_gmt":"2026-04-04T11:26:34","slug":"mf-wind","status":"publish","type":"product","link":"https:\/\/sopesca.pt\/en\/product\/mf-wind\/","title":{"rendered":"MF Wind"},"content":{"rendered":"<h2>MF Wind<\/h2>\n<p>&nbsp;<\/p>\n<p>Tal como o nome indica e uma boia que permite lan\u00e7amentos com muita precis\u00e3o mesmo em dias de muito vento.<\/p>\n<p>Corpo em balsa e pena de pav\u00e3o.<\/p>\n<p>A antena \u00e9 oca para melhor visibilidade.<\/p>\n<p>Indicada para a pesca fixa.<\/p>","protected":false},"excerpt":{"rendered":"<p>MF Wind &nbsp; Tal como o nome indica e uma boia que permite lan\u00e7amentos com muita precis\u00e3o mesmo em dias de muito vento. Corpo em balsa e pena de pav\u00e3o. A antena \u00e9 oca para melhor visibilidade. Indicada para a pesca fixa.<\/p>","protected":false},"featured_media":108645,"comment_status":"open","ping_status":"closed","template":"","meta":{"_acf_changed":false},"product_brand":[2814,704],"product_cat":[2267,2306],"product_tag":[],"class_list":{"0":"post-101826","1":"product","2":"type-product","3":"status-publish","4":"has-post-thumbnail","6":"product_brand-matchbaits","7":"product_brand-matchfloat","8":"product_cat-boias","9":"product_cat-boias-inglesa","11":"first","12":"instock","13":"shipping-taxable","14":"purchasable","15":"product-type-variable"},"acf":[],"_links":{"self":[{"href":"https:\/\/sopesca.pt\/en\/wp-json\/wp\/v2\/product\/101826","targetHints":{"allow":["GET"]}}],"collection":[{"href":"https:\/\/sopesca.pt\/en\/wp-json\/wp\/v2\/product"}],"about":[{"href":"https:\/\/sopesca.pt\/en\/wp-json\/wp\/v2\/types\/product"}],"replies":[{"embeddable":true,"href":"https:\/\/sopesca.pt\/en\/wp-json\/wp\/v2\/comments?post=101826"}],"wp:featuredmedia":[{"embeddable":true,"href":"https:\/\/sopesca.pt\/en\/wp-json\/wp\/v2\/media\/108645"}],"wp:attachment":[{"href":"https:\/\/sopesca.pt\/en\/wp-json\/wp\/v2\/media?parent=101826"}],"wp:term":[{"taxonomy":"product_brand","embeddable":true,"href":"https:\/\/sopesca.pt\/en\/wp-json\/wp\/v2\/product_brand?post=101826"},{"taxonomy":"product_cat","embeddable":true,"href":"https:\/\/sopesca.pt\/en\/wp-json\/wp\/v2\/product_cat?post=101826"},{"taxonomy":"product_tag","embeddable":true,"href":"https:\/\/sopesca.pt\/en\/wp-json\/wp\/v2\/product_tag?post=101826"}],"curies":[{"name":"wp","href":"https:\/\/api.w.org\/{rel}","templated":true}]}}