{"id":102395,"date":"2026-02-21T23:42:58","date_gmt":"2026-02-21T23:42:58","guid":{"rendered":"http:\/\/matchbaits.pt\/?post_type=product&#038;p=102395"},"modified":"2026-03-04T22:58:32","modified_gmt":"2026-03-04T22:58:32","slug":"racer-activator-250ml","status":"publish","type":"product","link":"https:\/\/sopesca.pt\/en\/product\/racer-activator-250ml\/","title":{"rendered":"RACER ACTIVATOR 250ML"},"content":{"rendered":"<h2>Serie Walter RACER ACTIVATOR 250ML<\/h2>\n<p>&nbsp;<\/p>\n<p>Como o pr\u00f3prio nome sugere, sua principal tarefa \u00e9 aumentar a captura ap\u00f3s o per\u00edodo inicial de alimenta\u00e7\u00e3o e coletar peixes com mais efici\u00eancia.<\/p>\n<p>De acordo com a indica\u00e7\u00e3o, uma garrafa de 250 ml \u00e9 suficiente para at\u00e9 3 kg de alimento, especialmente se for sintonizado apenas com a alimenta\u00e7\u00e3o do primer.<\/p>\n<p>Doce, denso, l\u00edquido acastanhado com muito \u00f3leo e forte fragr\u00e2ncia.<\/p>","protected":false},"excerpt":{"rendered":"<p>Serie Walter RACER ACTIVATOR 250ML &nbsp; Como o pr\u00f3prio nome sugere, sua principal tarefa \u00e9 aumentar a captura ap\u00f3s o per\u00edodo inicial de alimenta\u00e7\u00e3o e coletar peixes com mais efici\u00eancia. De acordo com a indica\u00e7\u00e3o, uma garrafa de 250 ml \u00e9 suficiente para at\u00e9 3 kg de alimento, especialmente se for sintonizado apenas com a [&hellip;]<\/p>\n","protected":false},"featured_media":50531,"comment_status":"open","ping_status":"closed","template":"","meta":{"_acf_changed":false},"product_brand":[779],"product_cat":[5495,5491],"product_tag":[],"class_list":{"0":"post-102395","1":"product","2":"type-product","3":"status-publish","4":"has-post-thumbnail","6":"product_brand-serie-walter","7":"product_cat-engodo-terra-aditivo-aditivos","8":"product_cat-engodo-terra-aditivo","10":"first","11":"outofstock","12":"shipping-taxable","13":"purchasable","14":"product-type-variable"},"acf":[],"_links":{"self":[{"href":"https:\/\/sopesca.pt\/en\/wp-json\/wp\/v2\/product\/102395","targetHints":{"allow":["GET"]}}],"collection":[{"href":"https:\/\/sopesca.pt\/en\/wp-json\/wp\/v2\/product"}],"about":[{"href":"https:\/\/sopesca.pt\/en\/wp-json\/wp\/v2\/types\/product"}],"replies":[{"embeddable":true,"href":"https:\/\/sopesca.pt\/en\/wp-json\/wp\/v2\/comments?post=102395"}],"wp:featuredmedia":[{"embeddable":true,"href":"https:\/\/sopesca.pt\/en\/wp-json\/wp\/v2\/media\/50531"}],"wp:attachment":[{"href":"https:\/\/sopesca.pt\/en\/wp-json\/wp\/v2\/media?parent=102395"}],"wp:term":[{"taxonomy":"product_brand","embeddable":true,"href":"https:\/\/sopesca.pt\/en\/wp-json\/wp\/v2\/product_brand?post=102395"},{"taxonomy":"product_cat","embeddable":true,"href":"https:\/\/sopesca.pt\/en\/wp-json\/wp\/v2\/product_cat?post=102395"},{"taxonomy":"product_tag","embeddable":true,"href":"https:\/\/sopesca.pt\/en\/wp-json\/wp\/v2\/product_tag?post=102395"}],"curies":[{"name":"wp","href":"https:\/\/api.w.org\/{rel}","templated":true}]}}