{"id":102542,"date":"2026-02-21T23:43:32","date_gmt":"2026-02-21T23:43:32","guid":{"rendered":"http:\/\/matchbaits.pt\/?post_type=product&#038;p=102542"},"modified":"2026-03-11T18:33:54","modified_gmt":"2026-03-11T18:33:54","slug":"mf-bleak","status":"publish","type":"product","link":"https:\/\/sopesca.pt\/en\/product\/mf-bleak\/","title":{"rendered":"MF Bleak"},"content":{"rendered":"<h2>MF Bleak<\/h2>\n<p>&nbsp;<\/p>\n<p>B\u00f3ia com antena em fibra e quilha met\u00e1lica.<\/p>\n<p>Indicada e estudada especialmente para a pesca das ablettes.<\/p>\n<p>Dispon\u00edvel nas gramagens de: 0.30 \/ 0.50 \/ 0.75 \/ 1 \/ 1.5 grama.<\/p>","protected":false},"excerpt":{"rendered":"<p>MF Bleak &nbsp; B\u00f3ia com antena em fibra e quilha met\u00e1lica. Indicada e estudada especialmente para a pesca das ablettes. Dispon\u00edvel nas gramagens de: 0.30 \/ 0.50 \/ 0.75 \/ 1 \/ 1.5 grama.<\/p>","protected":false},"featured_media":109011,"comment_status":"open","ping_status":"closed","template":"","meta":{"_acf_changed":false},"product_brand":[2814,704],"product_cat":[2267,2266],"product_tag":[],"class_list":{"0":"post-102542","1":"product","2":"type-product","3":"status-publish","4":"has-post-thumbnail","6":"product_brand-matchbaits","7":"product_brand-matchfloat","8":"product_cat-boias","9":"product_cat-boias-francesa","11":"first","12":"instock","13":"shipping-taxable","14":"product-type-variable"},"acf":[],"_links":{"self":[{"href":"https:\/\/sopesca.pt\/en\/wp-json\/wp\/v2\/product\/102542","targetHints":{"allow":["GET"]}}],"collection":[{"href":"https:\/\/sopesca.pt\/en\/wp-json\/wp\/v2\/product"}],"about":[{"href":"https:\/\/sopesca.pt\/en\/wp-json\/wp\/v2\/types\/product"}],"replies":[{"embeddable":true,"href":"https:\/\/sopesca.pt\/en\/wp-json\/wp\/v2\/comments?post=102542"}],"wp:featuredmedia":[{"embeddable":true,"href":"https:\/\/sopesca.pt\/en\/wp-json\/wp\/v2\/media\/109011"}],"wp:attachment":[{"href":"https:\/\/sopesca.pt\/en\/wp-json\/wp\/v2\/media?parent=102542"}],"wp:term":[{"taxonomy":"product_brand","embeddable":true,"href":"https:\/\/sopesca.pt\/en\/wp-json\/wp\/v2\/product_brand?post=102542"},{"taxonomy":"product_cat","embeddable":true,"href":"https:\/\/sopesca.pt\/en\/wp-json\/wp\/v2\/product_cat?post=102542"},{"taxonomy":"product_tag","embeddable":true,"href":"https:\/\/sopesca.pt\/en\/wp-json\/wp\/v2\/product_tag?post=102542"}],"curies":[{"name":"wp","href":"https:\/\/api.w.org\/{rel}","templated":true}]}}