{"id":102698,"date":"2026-02-21T23:44:05","date_gmt":"2026-02-21T23:44:05","guid":{"rendered":"http:\/\/matchbaits.pt\/?post_type=product&#038;p=102698"},"modified":"2026-03-04T22:56:51","modified_gmt":"2026-03-04T22:56:51","slug":"serie-walter-feeder-big","status":"publish","type":"product","link":"https:\/\/sopesca.pt\/en\/product\/serie-walter-feeder-big\/","title":{"rendered":"Serie Walter Feeder Big"},"content":{"rendered":"<h2>SERIE WALTER FEEDER BIG<\/h2>\n<p>&nbsp;<\/p>\n<p>SERIE WALTER FEEDER BIG: Engodo amarelado, scopex de milho, particularmente granulada, para todas as situa\u00e7\u00f5es em que o tamanho \u00e9 importante!<\/p>\n<p>Alguns meses ap\u00f3s o engodo RaceR de um quilo, a mais recente gama da Serie Walter Feeder foi lan\u00e7ada. Em embalagens de 2kg de mat\u00e9rias-primas econ\u00f3micas, elas levam o nome de nosso campe\u00e3o mundial e europeu, e sua rela\u00e7\u00e3o pre\u00e7o \/ qualidade \u00e9 inquestion\u00e1vel. Receitas de Tam\u00e1s, tipicamente de gr\u00e3o alto, pegajosas, significativas, n\u00e3o apenas atraem, mas tamb\u00e9m mant\u00eam nosso alvo pesqueiro.<br \/>\nEmbalagem: <strong>2kg<\/strong><\/p>","protected":false},"excerpt":{"rendered":"<p>SERIE WALTER FEEDER BIG &nbsp; SERIE WALTER FEEDER BIG: Engodo amarelado, scopex de milho, particularmente granulada, para todas as situa\u00e7\u00f5es em que o tamanho \u00e9 importante! Alguns meses ap\u00f3s o engodo RaceR de um quilo, a mais recente gama da Serie Walter Feeder foi lan\u00e7ada. Em embalagens de 2kg de mat\u00e9rias-primas econ\u00f3micas, elas levam o [&hellip;]<\/p>\n","protected":false},"featured_media":25597,"comment_status":"open","ping_status":"closed","template":"","meta":{"_acf_changed":false},"product_brand":[779],"product_cat":[5494,5491],"product_tag":[],"class_list":{"0":"post-102698","1":"product","2":"type-product","3":"status-publish","4":"has-post-thumbnail","6":"product_brand-serie-walter","7":"product_cat-engodo-terra-aditivos-engodo","8":"product_cat-engodo-terra-aditivo","10":"first","11":"instock","12":"shipping-taxable","13":"purchasable","14":"product-type-variable"},"acf":[],"_links":{"self":[{"href":"https:\/\/sopesca.pt\/en\/wp-json\/wp\/v2\/product\/102698","targetHints":{"allow":["GET"]}}],"collection":[{"href":"https:\/\/sopesca.pt\/en\/wp-json\/wp\/v2\/product"}],"about":[{"href":"https:\/\/sopesca.pt\/en\/wp-json\/wp\/v2\/types\/product"}],"replies":[{"embeddable":true,"href":"https:\/\/sopesca.pt\/en\/wp-json\/wp\/v2\/comments?post=102698"}],"wp:featuredmedia":[{"embeddable":true,"href":"https:\/\/sopesca.pt\/en\/wp-json\/wp\/v2\/media\/25597"}],"wp:attachment":[{"href":"https:\/\/sopesca.pt\/en\/wp-json\/wp\/v2\/media?parent=102698"}],"wp:term":[{"taxonomy":"product_brand","embeddable":true,"href":"https:\/\/sopesca.pt\/en\/wp-json\/wp\/v2\/product_brand?post=102698"},{"taxonomy":"product_cat","embeddable":true,"href":"https:\/\/sopesca.pt\/en\/wp-json\/wp\/v2\/product_cat?post=102698"},{"taxonomy":"product_tag","embeddable":true,"href":"https:\/\/sopesca.pt\/en\/wp-json\/wp\/v2\/product_tag?post=102698"}],"curies":[{"name":"wp","href":"https:\/\/api.w.org\/{rel}","templated":true}]}}