{"id":102968,"date":"2026-02-21T23:44:54","date_gmt":"2026-02-21T23:44:54","guid":{"rendered":"http:\/\/matchbaits.pt\/?post_type=product&#038;p=102968"},"modified":"2026-03-17T17:32:49","modified_gmt":"2026-03-17T17:32:49","slug":"fusion-210","status":"publish","type":"product","link":"https:\/\/sopesca.pt\/en\/product\/fusion-210\/","title":{"rendered":"Fusion 210"},"content":{"rendered":"<h2>Guru Fusion 210<\/h2>\n<p>&nbsp;<\/p>\n<p>Perfeito para armazenar uma ampla gama de equipamentos finais, como potes, feeders, cabos, agulhas de isco e agitadores de pellets, o 210 tamb\u00e9m \u00e9 o tamanho perfeito para guardar uma caixa de isco Guru de 1 litro. \u00c9 o que voc\u00ea tem na bandeja lateral para manter os equipamentos \u00fateis \u00e0 m\u00e3o, mantendo-os secos e sem sujidade.<\/p>\n<p>Dimens\u00f5es: 110 mm de largura, 180 mm de comprimento, 100 mm de altura.<\/p>","protected":false},"excerpt":{"rendered":"<p>Guru Fusion 210 &nbsp; Perfeito para armazenar uma ampla gama de equipamentos finais, como potes, feeders, cabos, agulhas de isco e agitadores de pellets, o 210 tamb\u00e9m \u00e9 o tamanho perfeito para guardar uma caixa de isco Guru de 1 litro. \u00c9 o que voc\u00ea tem na bandeja lateral para manter os equipamentos \u00fateis \u00e0 [&hellip;]<\/p>\n","protected":false},"featured_media":25525,"comment_status":"open","ping_status":"closed","template":"","meta":{"_acf_changed":false},"product_brand":[598],"product_cat":[2327,2324],"product_tag":[],"class_list":{"0":"post-102968","1":"product","2":"type-product","3":"status-publish","4":"has-post-thumbnail","6":"product_brand-guru","7":"product_cat-sacos-alcofas-bolsas-p-iscos","8":"product_cat-sacos-alcofas","10":"first","11":"outofstock","12":"shipping-taxable","13":"purchasable","14":"product-type-variable"},"acf":[],"_links":{"self":[{"href":"https:\/\/sopesca.pt\/en\/wp-json\/wp\/v2\/product\/102968","targetHints":{"allow":["GET"]}}],"collection":[{"href":"https:\/\/sopesca.pt\/en\/wp-json\/wp\/v2\/product"}],"about":[{"href":"https:\/\/sopesca.pt\/en\/wp-json\/wp\/v2\/types\/product"}],"replies":[{"embeddable":true,"href":"https:\/\/sopesca.pt\/en\/wp-json\/wp\/v2\/comments?post=102968"}],"wp:featuredmedia":[{"embeddable":true,"href":"https:\/\/sopesca.pt\/en\/wp-json\/wp\/v2\/media\/25525"}],"wp:attachment":[{"href":"https:\/\/sopesca.pt\/en\/wp-json\/wp\/v2\/media?parent=102968"}],"wp:term":[{"taxonomy":"product_brand","embeddable":true,"href":"https:\/\/sopesca.pt\/en\/wp-json\/wp\/v2\/product_brand?post=102968"},{"taxonomy":"product_cat","embeddable":true,"href":"https:\/\/sopesca.pt\/en\/wp-json\/wp\/v2\/product_cat?post=102968"},{"taxonomy":"product_tag","embeddable":true,"href":"https:\/\/sopesca.pt\/en\/wp-json\/wp\/v2\/product_tag?post=102968"}],"curies":[{"name":"wp","href":"https:\/\/api.w.org\/{rel}","templated":true}]}}