{"id":103659,"date":"2026-02-21T23:47:25","date_gmt":"2026-02-21T23:47:25","guid":{"rendered":"http:\/\/matchbaits.pt\/?post_type=product&#038;p=103659"},"modified":"2026-04-21T21:59:08","modified_gmt":"2026-04-21T21:59:08","slug":"canhamo","status":"publish","type":"product","link":"https:\/\/sopesca.pt\/en\/product\/canhamo\/","title":{"rendered":"C\u00e2nhamo"},"content":{"rendered":"<h2>Matchbaits C\u00e2nhamo<\/h2>\n<p>&nbsp;<\/p>\n<p>C\u00e2nhamo cozido da melhor qualidade pronto para usar. Pode ser usado no engodo ou solto. Este c\u00e2nhamo \u00e9 reconhecido como um dos iscos mais atraentes para Carpas, Barbos e tamb\u00e9m um excelente isco para Gardons.<\/p>","protected":false},"excerpt":{"rendered":"<p>Matchbaits C\u00e2nhamo &nbsp; C\u00e2nhamo cozido da melhor qualidade pronto para usar. Pode ser usado no engodo ou solto. Este c\u00e2nhamo \u00e9 reconhecido como um dos iscos mais atraentes para Carpas, Barbos e tamb\u00e9m um excelente isco para Gardons.<\/p>","protected":false},"featured_media":108795,"comment_status":"open","ping_status":"closed","template":"","meta":{"_acf_changed":false},"product_brand":[2814],"product_cat":[2282,2284],"product_tag":[],"class_list":{"0":"post-103659","1":"product","2":"type-product","3":"status-publish","4":"has-post-thumbnail","6":"product_brand-matchbaits","7":"product_cat-iscos-colas","8":"product_cat-iscos-colas-milho-sementes","10":"first","11":"instock","12":"shipping-taxable","13":"purchasable","14":"product-type-variable"},"acf":[],"_links":{"self":[{"href":"https:\/\/sopesca.pt\/en\/wp-json\/wp\/v2\/product\/103659","targetHints":{"allow":["GET"]}}],"collection":[{"href":"https:\/\/sopesca.pt\/en\/wp-json\/wp\/v2\/product"}],"about":[{"href":"https:\/\/sopesca.pt\/en\/wp-json\/wp\/v2\/types\/product"}],"replies":[{"embeddable":true,"href":"https:\/\/sopesca.pt\/en\/wp-json\/wp\/v2\/comments?post=103659"}],"wp:featuredmedia":[{"embeddable":true,"href":"https:\/\/sopesca.pt\/en\/wp-json\/wp\/v2\/media\/108795"}],"wp:attachment":[{"href":"https:\/\/sopesca.pt\/en\/wp-json\/wp\/v2\/media?parent=103659"}],"wp:term":[{"taxonomy":"product_brand","embeddable":true,"href":"https:\/\/sopesca.pt\/en\/wp-json\/wp\/v2\/product_brand?post=103659"},{"taxonomy":"product_cat","embeddable":true,"href":"https:\/\/sopesca.pt\/en\/wp-json\/wp\/v2\/product_cat?post=103659"},{"taxonomy":"product_tag","embeddable":true,"href":"https:\/\/sopesca.pt\/en\/wp-json\/wp\/v2\/product_tag?post=103659"}],"curies":[{"name":"wp","href":"https:\/\/api.w.org\/{rel}","templated":true}]}}