{"id":104407,"date":"2026-02-21T23:50:15","date_gmt":"2026-02-21T23:50:15","guid":{"rendered":"http:\/\/matchbaits.pt\/?post_type=product&#038;p=104407"},"modified":"2026-04-03T10:22:33","modified_gmt":"2026-04-03T10:22:33","slug":"mf-nitinol-plus","status":"publish","type":"product","link":"https:\/\/sopesca.pt\/en\/product\/mf-nitinol-plus\/","title":{"rendered":"MF Nitinol Plus"},"content":{"rendered":"<h2>MF Nitinol Plus<\/h2>\n<p>&nbsp;<\/p>\n<p>Boia com quilha em nitinol, antena em fibra e fio passante.<\/p>\n<p>Extremamente sens\u00edvel, mas muito robusta ao mesmo tempo.<\/p>\n<p>Indicado para pescas t\u00e9cnicas e delicadas de peixes pequenos, m\u00e9dios e grandes.<\/p>","protected":false},"excerpt":{"rendered":"<p>MF Nitinol Plus &nbsp; Boia com quilha em nitinol, antena em fibra e fio passante. Extremamente sens\u00edvel, mas muito robusta ao mesmo tempo. Indicado para pescas t\u00e9cnicas e delicadas de peixes pequenos, m\u00e9dios e grandes.<\/p>","protected":false},"featured_media":109012,"comment_status":"open","ping_status":"closed","template":"","meta":{"_acf_changed":false},"product_brand":[2814,704],"product_cat":[2267,2266],"product_tag":[],"class_list":{"0":"post-104407","1":"product","2":"type-product","3":"status-publish","4":"has-post-thumbnail","6":"product_brand-matchbaits","7":"product_brand-matchfloat","8":"product_cat-boias","9":"product_cat-boias-francesa","11":"first","12":"instock","13":"shipping-taxable","14":"purchasable","15":"product-type-variable"},"acf":[],"_links":{"self":[{"href":"https:\/\/sopesca.pt\/en\/wp-json\/wp\/v2\/product\/104407","targetHints":{"allow":["GET"]}}],"collection":[{"href":"https:\/\/sopesca.pt\/en\/wp-json\/wp\/v2\/product"}],"about":[{"href":"https:\/\/sopesca.pt\/en\/wp-json\/wp\/v2\/types\/product"}],"replies":[{"embeddable":true,"href":"https:\/\/sopesca.pt\/en\/wp-json\/wp\/v2\/comments?post=104407"}],"wp:featuredmedia":[{"embeddable":true,"href":"https:\/\/sopesca.pt\/en\/wp-json\/wp\/v2\/media\/109012"}],"wp:attachment":[{"href":"https:\/\/sopesca.pt\/en\/wp-json\/wp\/v2\/media?parent=104407"}],"wp:term":[{"taxonomy":"product_brand","embeddable":true,"href":"https:\/\/sopesca.pt\/en\/wp-json\/wp\/v2\/product_brand?post=104407"},{"taxonomy":"product_cat","embeddable":true,"href":"https:\/\/sopesca.pt\/en\/wp-json\/wp\/v2\/product_cat?post=104407"},{"taxonomy":"product_tag","embeddable":true,"href":"https:\/\/sopesca.pt\/en\/wp-json\/wp\/v2\/product_tag?post=104407"}],"curies":[{"name":"wp","href":"https:\/\/api.w.org\/{rel}","templated":true}]}}