{"id":104705,"date":"2026-02-21T23:51:21","date_gmt":"2026-02-21T23:51:21","guid":{"rendered":"http:\/\/matchbaits.pt\/?post_type=product&#038;p=104705"},"modified":"2026-03-04T22:49:29","modified_gmt":"2026-03-04T22:49:29","slug":"heavy-river-leam","status":"publish","type":"product","link":"https:\/\/sopesca.pt\/en\/product\/heavy-river-leam\/","title":{"rendered":"Heavy River Leam"},"content":{"rendered":"<h2>Heavy River Leam 2Kg<\/h2>\n<p>&nbsp;<\/p>\n<p>Terras de pesca de qualidade profissional fabricadas na B\u00e9lgica.<\/p>\n<p>River (Heavy) Leam: \u00c1gua pesada do rio. \u00c9 excelente para alimenta\u00e7\u00e3o pesada e transportar iscos vivos para a \u00e1gua.<\/p>\n<p>Pode ser usado em lagos mais profundos, rios, t\u00e9cnicas de flutua\u00e7\u00e3o e de alimenta\u00e7\u00e3o semelhantes.<\/p>","protected":false},"excerpt":{"rendered":"<p>Heavy River Leam 2Kg &nbsp; Terras de pesca de qualidade profissional fabricadas na B\u00e9lgica. River (Heavy) Leam: \u00c1gua pesada do rio. \u00c9 excelente para alimenta\u00e7\u00e3o pesada e transportar iscos vivos para a \u00e1gua. Pode ser usado em lagos mais profundos, rios, t\u00e9cnicas de flutua\u00e7\u00e3o e de alimenta\u00e7\u00e3o semelhantes.<\/p>","protected":false},"featured_media":91767,"comment_status":"open","ping_status":"closed","template":"","meta":{"_acf_changed":false},"product_brand":[779],"product_cat":[5491,5492],"product_tag":[],"class_list":{"0":"post-104705","1":"product","2":"type-product","3":"status-publish","4":"has-post-thumbnail","6":"product_brand-serie-walter","7":"product_cat-engodo-terra-aditivo","8":"product_cat-engodo-terra-aditivo-terra-areia","10":"first","11":"instock","12":"shipping-taxable","13":"purchasable","14":"product-type-variable"},"acf":[],"_links":{"self":[{"href":"https:\/\/sopesca.pt\/en\/wp-json\/wp\/v2\/product\/104705","targetHints":{"allow":["GET"]}}],"collection":[{"href":"https:\/\/sopesca.pt\/en\/wp-json\/wp\/v2\/product"}],"about":[{"href":"https:\/\/sopesca.pt\/en\/wp-json\/wp\/v2\/types\/product"}],"replies":[{"embeddable":true,"href":"https:\/\/sopesca.pt\/en\/wp-json\/wp\/v2\/comments?post=104705"}],"wp:featuredmedia":[{"embeddable":true,"href":"https:\/\/sopesca.pt\/en\/wp-json\/wp\/v2\/media\/91767"}],"wp:attachment":[{"href":"https:\/\/sopesca.pt\/en\/wp-json\/wp\/v2\/media?parent=104705"}],"wp:term":[{"taxonomy":"product_brand","embeddable":true,"href":"https:\/\/sopesca.pt\/en\/wp-json\/wp\/v2\/product_brand?post=104705"},{"taxonomy":"product_cat","embeddable":true,"href":"https:\/\/sopesca.pt\/en\/wp-json\/wp\/v2\/product_cat?post=104705"},{"taxonomy":"product_tag","embeddable":true,"href":"https:\/\/sopesca.pt\/en\/wp-json\/wp\/v2\/product_tag?post=104705"}],"curies":[{"name":"wp","href":"https:\/\/api.w.org\/{rel}","templated":true}]}}