{"id":104710,"date":"2026-02-21T23:51:21","date_gmt":"2026-02-21T23:51:21","guid":{"rendered":"http:\/\/matchbaits.pt\/?post_type=product&#038;p=104710"},"modified":"2026-03-11T10:52:25","modified_gmt":"2026-03-11T10:52:25","slug":"hardcase-accessory-box","status":"publish","type":"product","link":"https:\/\/sopesca.pt\/en\/product\/hardcase-accessory-box\/","title":{"rendered":"Hardcase Accessory Box"},"content":{"rendered":"<h2>Hardcase Accessory Box<\/h2>\n<p>&nbsp;<\/p>\n<p>Perfeito para manter uma ampla gama de acess\u00f3rios seguros e protegidos de delicadas boias de inglesa a boias de francesa, ou at\u00e9 mesmo feeders.<\/p>\n<p>A caixa de acess\u00f3rios da capa dura \u00e9 presa com dois clipes positivos que, em conjunto com a gaxeta de TPE, ajudam a manter o conte\u00fado da caixa seco. O divisor de tr\u00eas se\u00e7\u00f5es fornecido \u00e9 ideal para separar diferentes estilos de feeders ou boias e pode ser removido inteiramente se necess\u00e1rio, deixando um espa\u00e7o individual maior.<\/p>","protected":false},"excerpt":{"rendered":"<p>Hardcase Accessory Box &nbsp; Perfeito para manter uma ampla gama de acess\u00f3rios seguros e protegidos de delicadas boias de inglesa a boias de francesa, ou at\u00e9 mesmo feeders. A caixa de acess\u00f3rios da capa dura \u00e9 presa com dois clipes positivos que, em conjunto com a gaxeta de TPE, ajudam a manter o conte\u00fado da [&hellip;]<\/p>\n","protected":false},"featured_media":91772,"comment_status":"open","ping_status":"closed","template":"","meta":{"_acf_changed":false},"product_brand":[153],"product_cat":[2294,2272],"product_tag":[],"class_list":{"0":"post-104710","1":"product","2":"type-product","3":"status-publish","4":"has-post-thumbnail","6":"product_brand-preston","7":"product_cat-feeders-acessorios-acessorios-de-feeder","8":"product_cat-feeders-acessorios","10":"first","11":"outofstock","12":"shipping-taxable","13":"purchasable","14":"product-type-variable"},"acf":[],"_links":{"self":[{"href":"https:\/\/sopesca.pt\/en\/wp-json\/wp\/v2\/product\/104710","targetHints":{"allow":["GET"]}}],"collection":[{"href":"https:\/\/sopesca.pt\/en\/wp-json\/wp\/v2\/product"}],"about":[{"href":"https:\/\/sopesca.pt\/en\/wp-json\/wp\/v2\/types\/product"}],"replies":[{"embeddable":true,"href":"https:\/\/sopesca.pt\/en\/wp-json\/wp\/v2\/comments?post=104710"}],"wp:featuredmedia":[{"embeddable":true,"href":"https:\/\/sopesca.pt\/en\/wp-json\/wp\/v2\/media\/91772"}],"wp:attachment":[{"href":"https:\/\/sopesca.pt\/en\/wp-json\/wp\/v2\/media?parent=104710"}],"wp:term":[{"taxonomy":"product_brand","embeddable":true,"href":"https:\/\/sopesca.pt\/en\/wp-json\/wp\/v2\/product_brand?post=104710"},{"taxonomy":"product_cat","embeddable":true,"href":"https:\/\/sopesca.pt\/en\/wp-json\/wp\/v2\/product_cat?post=104710"},{"taxonomy":"product_tag","embeddable":true,"href":"https:\/\/sopesca.pt\/en\/wp-json\/wp\/v2\/product_tag?post=104710"}],"curies":[{"name":"wp","href":"https:\/\/api.w.org\/{rel}","templated":true}]}}