{"id":105300,"date":"2026-02-21T23:53:28","date_gmt":"2026-02-21T23:53:28","guid":{"rendered":"http:\/\/matchbaits.pt\/?post_type=product&#038;p=105300"},"modified":"2026-04-14T20:20:47","modified_gmt":"2026-04-14T20:20:47","slug":"platinum-mix","status":"publish","type":"product","link":"https:\/\/sopesca.pt\/en\/product\/platinum-mix\/","title":{"rendered":"Matchbaits &#8211; Mix"},"content":{"rendered":"<h2>MatchBaits -Mix<\/h2>\n<p>Depois de um ano exaustivo de testes, a MatchBaits tem o orgulho de apresentar uma vasta gama de engodos.<\/p>\n<p>Toda a nossa gama foi elaborada com as melhores farinhas Hungaras, Belgas e nacionais sempre a pensar na alta competi\u00e7\u00e3o.<\/p>\n<p>Oferecemos uma vasta panoplia de op\u00e7\u00f5es para as mais diversas especies e situa\u00e7\u00f5es.<\/p>","protected":false},"excerpt":{"rendered":"<p>MatchBaits -Mix Depois de um ano exaustivo de testes, a MatchBaits tem o orgulho de apresentar uma vasta gama de engodos. Toda a nossa gama foi elaborada com as melhores farinhas Hungaras, Belgas e nacionais sempre a pensar na alta competi\u00e7\u00e3o. Oferecemos uma vasta panoplia de op\u00e7\u00f5es para as mais diversas especies e situa\u00e7\u00f5es.<\/p>","protected":false},"featured_media":108457,"comment_status":"open","ping_status":"closed","template":"","meta":{"_acf_changed":false},"product_brand":[2814],"product_cat":[5494,5491],"product_tag":[],"class_list":{"0":"post-105300","1":"product","2":"type-product","3":"status-publish","4":"has-post-thumbnail","6":"product_brand-matchbaits","7":"product_cat-engodo-terra-aditivos-engodo","8":"product_cat-engodo-terra-aditivo","10":"first","11":"instock","12":"shipping-taxable","13":"purchasable","14":"product-type-variable"},"acf":[],"_links":{"self":[{"href":"https:\/\/sopesca.pt\/en\/wp-json\/wp\/v2\/product\/105300","targetHints":{"allow":["GET"]}}],"collection":[{"href":"https:\/\/sopesca.pt\/en\/wp-json\/wp\/v2\/product"}],"about":[{"href":"https:\/\/sopesca.pt\/en\/wp-json\/wp\/v2\/types\/product"}],"replies":[{"embeddable":true,"href":"https:\/\/sopesca.pt\/en\/wp-json\/wp\/v2\/comments?post=105300"}],"wp:featuredmedia":[{"embeddable":true,"href":"https:\/\/sopesca.pt\/en\/wp-json\/wp\/v2\/media\/108457"}],"wp:attachment":[{"href":"https:\/\/sopesca.pt\/en\/wp-json\/wp\/v2\/media?parent=105300"}],"wp:term":[{"taxonomy":"product_brand","embeddable":true,"href":"https:\/\/sopesca.pt\/en\/wp-json\/wp\/v2\/product_brand?post=105300"},{"taxonomy":"product_cat","embeddable":true,"href":"https:\/\/sopesca.pt\/en\/wp-json\/wp\/v2\/product_cat?post=105300"},{"taxonomy":"product_tag","embeddable":true,"href":"https:\/\/sopesca.pt\/en\/wp-json\/wp\/v2\/product_tag?post=105300"}],"curies":[{"name":"wp","href":"https:\/\/api.w.org\/{rel}","templated":true}]}}