{"id":105328,"date":"2026-02-21T23:53:34","date_gmt":"2026-02-21T23:53:34","guid":{"rendered":"http:\/\/matchbaits.pt\/?post_type=product&#038;p=105328"},"modified":"2026-04-24T23:43:54","modified_gmt":"2026-04-24T23:43:54","slug":"platinum-mix-gardons","status":"publish","type":"product","link":"https:\/\/sopesca.pt\/en\/product\/platinum-mix-gardons\/","title":{"rendered":"MatchBaits &#8211; Gardons"},"content":{"rendered":"<h2>MatchBaits &#8211; Gardons<\/h2>\n<p>&nbsp;<\/p>\n<p>Engodo muito rico em c\u00e2nhamo e epiciene, com um forte aroma a chocolate e coentros.<\/p>\n<p>Indicado para a pesca dos gardons e dos pimp\u00f5es.<\/p>\n<p>Textura m\u00e9dia fina.<\/p>","protected":false},"excerpt":{"rendered":"<p>MatchBaits &#8211; Gardons &nbsp; Engodo muito rico em c\u00e2nhamo e epiciene, com um forte aroma a chocolate e coentros. Indicado para a pesca dos gardons e dos pimp\u00f5es. Textura m\u00e9dia fina.<\/p>","protected":false},"featured_media":108448,"comment_status":"open","ping_status":"closed","template":"","meta":{"_acf_changed":false},"product_brand":[2814],"product_cat":[5494,5491],"product_tag":[],"class_list":{"0":"post-105328","1":"product","2":"type-product","3":"status-publish","4":"has-post-thumbnail","6":"product_brand-matchbaits","7":"product_cat-engodo-terra-aditivos-engodo","8":"product_cat-engodo-terra-aditivo","10":"first","11":"instock","12":"shipping-taxable","13":"purchasable","14":"product-type-variable"},"acf":[],"_links":{"self":[{"href":"https:\/\/sopesca.pt\/en\/wp-json\/wp\/v2\/product\/105328","targetHints":{"allow":["GET"]}}],"collection":[{"href":"https:\/\/sopesca.pt\/en\/wp-json\/wp\/v2\/product"}],"about":[{"href":"https:\/\/sopesca.pt\/en\/wp-json\/wp\/v2\/types\/product"}],"replies":[{"embeddable":true,"href":"https:\/\/sopesca.pt\/en\/wp-json\/wp\/v2\/comments?post=105328"}],"wp:featuredmedia":[{"embeddable":true,"href":"https:\/\/sopesca.pt\/en\/wp-json\/wp\/v2\/media\/108448"}],"wp:attachment":[{"href":"https:\/\/sopesca.pt\/en\/wp-json\/wp\/v2\/media?parent=105328"}],"wp:term":[{"taxonomy":"product_brand","embeddable":true,"href":"https:\/\/sopesca.pt\/en\/wp-json\/wp\/v2\/product_brand?post=105328"},{"taxonomy":"product_cat","embeddable":true,"href":"https:\/\/sopesca.pt\/en\/wp-json\/wp\/v2\/product_cat?post=105328"},{"taxonomy":"product_tag","embeddable":true,"href":"https:\/\/sopesca.pt\/en\/wp-json\/wp\/v2\/product_tag?post=105328"}],"curies":[{"name":"wp","href":"https:\/\/api.w.org\/{rel}","templated":true}]}}