{"id":106133,"date":"2026-02-21T23:56:26","date_gmt":"2026-02-21T23:56:26","guid":{"rendered":"http:\/\/matchbaits.pt\/?post_type=product&#038;p=106133"},"modified":"2026-04-12T12:50:15","modified_gmt":"2026-04-12T12:50:15","slug":"mf-dibber","status":"publish","type":"product","link":"https:\/\/sopesca.pt\/en\/product\/mf-dibber\/","title":{"rendered":"MF Dibber"},"content":{"rendered":"<h2>MF Dibber<\/h2>\n<p>&nbsp;<\/p>\n<p>Boia indicada para a pesca \u00e0 superficie ou meia \u00e1gua.<\/p>\n<p>Corpo em balsa, quilha em fibra e fio passante desde o interior da antena ate \u00e0 lateral junto a quilha, conferem lhe uma robustez fabulosa.<\/p>\n<p>Dispon\u00edvel em: 0.20, 0.30 e 0.40 grama.<\/p>","protected":false},"excerpt":{"rendered":"<p>MF Dibber &nbsp; Boia indicada para a pesca \u00e0 superficie ou meia \u00e1gua. Corpo em balsa, quilha em fibra e fio passante desde o interior da antena ate \u00e0 lateral junto a quilha, conferem lhe uma robustez fabulosa. Dispon\u00edvel em: 0.20, 0.30 e 0.40 grama.<\/p>","protected":false},"featured_media":108610,"comment_status":"open","ping_status":"closed","template":"","meta":{"_acf_changed":false},"product_brand":[2814,704],"product_cat":[2267,2266],"product_tag":[],"class_list":{"0":"post-106133","1":"product","2":"type-product","3":"status-publish","4":"has-post-thumbnail","6":"product_brand-matchbaits","7":"product_brand-matchfloat","8":"product_cat-boias","9":"product_cat-boias-francesa","11":"first","12":"instock","13":"shipping-taxable","14":"purchasable","15":"product-type-variable"},"acf":[],"_links":{"self":[{"href":"https:\/\/sopesca.pt\/en\/wp-json\/wp\/v2\/product\/106133","targetHints":{"allow":["GET"]}}],"collection":[{"href":"https:\/\/sopesca.pt\/en\/wp-json\/wp\/v2\/product"}],"about":[{"href":"https:\/\/sopesca.pt\/en\/wp-json\/wp\/v2\/types\/product"}],"replies":[{"embeddable":true,"href":"https:\/\/sopesca.pt\/en\/wp-json\/wp\/v2\/comments?post=106133"}],"wp:featuredmedia":[{"embeddable":true,"href":"https:\/\/sopesca.pt\/en\/wp-json\/wp\/v2\/media\/108610"}],"wp:attachment":[{"href":"https:\/\/sopesca.pt\/en\/wp-json\/wp\/v2\/media?parent=106133"}],"wp:term":[{"taxonomy":"product_brand","embeddable":true,"href":"https:\/\/sopesca.pt\/en\/wp-json\/wp\/v2\/product_brand?post=106133"},{"taxonomy":"product_cat","embeddable":true,"href":"https:\/\/sopesca.pt\/en\/wp-json\/wp\/v2\/product_cat?post=106133"},{"taxonomy":"product_tag","embeddable":true,"href":"https:\/\/sopesca.pt\/en\/wp-json\/wp\/v2\/product_tag?post=106133"}],"curies":[{"name":"wp","href":"https:\/\/api.w.org\/{rel}","templated":true}]}}