{"id":106496,"date":"2026-02-21T23:57:40","date_gmt":"2026-02-21T23:57:40","guid":{"rendered":"http:\/\/matchbaits.pt\/?post_type=product&#038;p=106496"},"modified":"2026-03-04T22:54:50","modified_gmt":"2026-03-04T22:54:50","slug":"mf-magic","status":"publish","type":"product","link":"https:\/\/sopesca.pt\/en\/product\/mf-magic\/","title":{"rendered":"MF Magic"},"content":{"rendered":"<h2>MF Magic<\/h2>\n<p>&nbsp;<\/p>\n<p>Boia com fio passante, quilha em carbono e 3 antenas ocas para poder pescar com iscos volumosos (milho, minhocas, trigo, etc.) e ao mesmo tempo fazer face as condi\u00e7\u00f5es lum\u00ednicas do dia e dos locais.<\/p>\n<p>\u00c9 extremamente forte e indicada para pescas de ritmo ou de peixes grandes.<\/p>\n<p>Dispon\u00edvel em:<br \/>\n0.20 \/ 0.30 \/ 0.50 \/ 0.75 \/ 1 \/ 1.5 \/ 2g<\/p>","protected":false},"excerpt":{"rendered":"<p>MF Magic &nbsp; Boia com fio passante, quilha em carbono e 3 antenas ocas para poder pescar com iscos volumosos (milho, minhocas, trigo, etc.) e ao mesmo tempo fazer face as condi\u00e7\u00f5es lum\u00ednicas do dia e dos locais. \u00c9 extremamente forte e indicada para pescas de ritmo ou de peixes grandes. Dispon\u00edvel em: 0.20 \/ [&hellip;]<\/p>\n","protected":false},"featured_media":108669,"comment_status":"open","ping_status":"closed","template":"","meta":{"_acf_changed":false},"product_brand":[2814,704],"product_cat":[2267,2266],"product_tag":[],"class_list":{"0":"post-106496","1":"product","2":"type-product","3":"status-publish","4":"has-post-thumbnail","6":"product_brand-matchbaits","7":"product_brand-matchfloat","8":"product_cat-boias","9":"product_cat-boias-francesa","11":"first","12":"instock","13":"shipping-taxable","14":"product-type-variable"},"acf":[],"_links":{"self":[{"href":"https:\/\/sopesca.pt\/en\/wp-json\/wp\/v2\/product\/106496","targetHints":{"allow":["GET"]}}],"collection":[{"href":"https:\/\/sopesca.pt\/en\/wp-json\/wp\/v2\/product"}],"about":[{"href":"https:\/\/sopesca.pt\/en\/wp-json\/wp\/v2\/types\/product"}],"replies":[{"embeddable":true,"href":"https:\/\/sopesca.pt\/en\/wp-json\/wp\/v2\/comments?post=106496"}],"wp:featuredmedia":[{"embeddable":true,"href":"https:\/\/sopesca.pt\/en\/wp-json\/wp\/v2\/media\/108669"}],"wp:attachment":[{"href":"https:\/\/sopesca.pt\/en\/wp-json\/wp\/v2\/media?parent=106496"}],"wp:term":[{"taxonomy":"product_brand","embeddable":true,"href":"https:\/\/sopesca.pt\/en\/wp-json\/wp\/v2\/product_brand?post=106496"},{"taxonomy":"product_cat","embeddable":true,"href":"https:\/\/sopesca.pt\/en\/wp-json\/wp\/v2\/product_cat?post=106496"},{"taxonomy":"product_tag","embeddable":true,"href":"https:\/\/sopesca.pt\/en\/wp-json\/wp\/v2\/product_tag?post=106496"}],"curies":[{"name":"wp","href":"https:\/\/api.w.org\/{rel}","templated":true}]}}