{"id":106527,"date":"2026-02-21T23:57:45","date_gmt":"2026-02-21T23:57:45","guid":{"rendered":"http:\/\/matchbaits.pt\/?post_type=product&#038;p=106527"},"modified":"2026-03-09T16:21:18","modified_gmt":"2026-03-09T16:21:18","slug":"space-saver-360-feeder-arm","status":"publish","type":"product","link":"https:\/\/sopesca.pt\/en\/product\/space-saver-360-feeder-arm\/","title":{"rendered":"Space Saver 360 Feeder Arm"},"content":{"rendered":"<h2>Space Saver 360 Feeder Arm<\/h2>\n<p>&nbsp;<\/p>\n<p>Um bra\u00e7o de feeder vers\u00e1til que oferece um movimento de 360 graus, permitindo ao pescador posicionar o descanso da cana em quase todos os \u00e2ngulos. Ideal para colocar \u00e0 volta das redes ou em \u00e2ngulos mais amplos, evitando quaisquer obst\u00e1culos na cavilha.<\/p>\n<p>&#8211; Movimento de 360 graus<br \/>\n&#8211; Junta de 36 mm com op\u00e7\u00e3o de inser\u00e7\u00e3o de 30 mm<br \/>\n&#8211; Bloco de acess\u00f3rios Snap-Lok<br \/>\n&#8211; \u00c2ngulo ajust\u00e1vel<br \/>\n&#8211; Design forte e est\u00e1vel<\/p>","protected":false},"excerpt":{"rendered":"<p>Space Saver 360 Feeder Arm &nbsp; Um bra\u00e7o de feeder vers\u00e1til que oferece um movimento de 360 graus, permitindo ao pescador posicionar o descanso da cana em quase todos os \u00e2ngulos. Ideal para colocar \u00e0 volta das redes ou em \u00e2ngulos mais amplos, evitando quaisquer obst\u00e1culos na cavilha. &#8211; Movimento de 360 graus &#8211; Junta [&hellip;]<\/p>\n","protected":false},"featured_media":91195,"comment_status":"open","ping_status":"closed","template":"","meta":{"_acf_changed":false},"product_brand":[153],"product_cat":[2301,2272],"product_tag":[],"class_list":{"0":"post-106527","1":"product","2":"type-product","3":"status-publish","4":"has-post-thumbnail","6":"product_brand-preston","7":"product_cat-feeders-acessorios-bracos-de-feeder","8":"product_cat-feeders-acessorios","10":"first","11":"outofstock","12":"shipping-taxable","13":"purchasable","14":"product-type-variable"},"acf":[],"_links":{"self":[{"href":"https:\/\/sopesca.pt\/en\/wp-json\/wp\/v2\/product\/106527","targetHints":{"allow":["GET"]}}],"collection":[{"href":"https:\/\/sopesca.pt\/en\/wp-json\/wp\/v2\/product"}],"about":[{"href":"https:\/\/sopesca.pt\/en\/wp-json\/wp\/v2\/types\/product"}],"replies":[{"embeddable":true,"href":"https:\/\/sopesca.pt\/en\/wp-json\/wp\/v2\/comments?post=106527"}],"wp:featuredmedia":[{"embeddable":true,"href":"https:\/\/sopesca.pt\/en\/wp-json\/wp\/v2\/media\/91195"}],"wp:attachment":[{"href":"https:\/\/sopesca.pt\/en\/wp-json\/wp\/v2\/media?parent=106527"}],"wp:term":[{"taxonomy":"product_brand","embeddable":true,"href":"https:\/\/sopesca.pt\/en\/wp-json\/wp\/v2\/product_brand?post=106527"},{"taxonomy":"product_cat","embeddable":true,"href":"https:\/\/sopesca.pt\/en\/wp-json\/wp\/v2\/product_cat?post=106527"},{"taxonomy":"product_tag","embeddable":true,"href":"https:\/\/sopesca.pt\/en\/wp-json\/wp\/v2\/product_tag?post=106527"}],"curies":[{"name":"wp","href":"https:\/\/api.w.org\/{rel}","templated":true}]}}