{"id":107118,"date":"2026-02-21T23:59:46","date_gmt":"2026-02-21T23:59:46","guid":{"rendered":"http:\/\/matchbaits.pt\/?post_type=product&#038;p=107118"},"modified":"2026-04-30T11:10:44","modified_gmt":"2026-04-30T11:10:44","slug":"fin-perfect-feed-pellets","status":"publish","type":"product","link":"https:\/\/sopesca.pt\/en\/product\/fin-perfect-feed-pellets\/","title":{"rendered":"Fin Perfect Feed Pellets"},"content":{"rendered":"<h2>Fin Perfect Feed Pellets<\/h2>\n<p>&nbsp;<\/p>\n<p><strong>Pellets de 2mm Fin Perfect Feed<\/strong><\/p>\n<p>Andy Findlay inventou o Flat Bed Method Feeder e estes s\u00e3o os granulados que ele usa.<\/p>\n<p>Existem v\u00e1rias maneiras de preparar os Fin Perfect Feed Pellets para o Method Feeder, tais como submergi-los em \u00e1gua durante 2 minutos e depois dren\u00e1-los, ou adicionar \u00e1gua um pouco de cada vez e deixar que absorvam a \u00e1gua antes de repetir o processo at\u00e9 que os pellets estejam perfeitos ou usar um molhador de pellets. Mas a forma preferida de Andy para preparar os pellets de 2mm Fin Perfect Feed \u00e9 esvaziar um saco para um recipiente de isco e cobri-los com \u00e1gua do lago de forma a que a \u00e1gua fique ao n\u00edvel do topo dos pellets. Em seguida, coloque uma tampa e deixe-os absorver a \u00e1gua, agitando-os a cada 5 minutos para garantir que a \u00e1gua \u00e9 distribu\u00edda uniformemente atrav\u00e9s dos pellets. Ap\u00f3s cerca de 30 minutos, os granulados ter\u00e3o absorvido toda a \u00e1gua e ter\u00e3o a consist\u00eancia perfeita para serem utilizados num alimentador Method Feeder.<\/p>\n<p>Os granulados Fin Perfect Feed Pellets cont\u00eam farinha de peixe de qualidade superior altamente diger\u00edvel, juntamente com uma quantidade reduzida de \u00f3leo de peixe, o que os torna os granulados perfeitos para qualquer local comercial e para todos os peixes grosseiros, especialmente carpas e skimmers.<\/p>\n<p>&nbsp;<\/p>\n<p><strong>4mm Fin Perfect Feed Pellets<\/strong><\/p>\n<p>Andy Findlay inventou o Pellet Feeder e estes s\u00e3o os pellets que ele usa.<\/p>\n<p>Existem v\u00e1rias maneiras de preparar os Fin Perfect Feed Pellets para o Pellet Feeder, tais como submergi-los em \u00e1gua durante 4 minutos e depois dren\u00e1-los, ou adicionar \u00e1gua um pouco de cada vez e deixar que absorvam a \u00e1gua antes de repetir o processo at\u00e9 que os pellets estejam perfeitos ou usar um molhador de pellets. Mas a forma preferida de Andy para preparar os pellets de 4mm Fin Perfect Feed \u00e9 esvaziar um saco para um recipiente de isco e cobri-los com \u00e1gua do lago de forma a que a \u00e1gua fique ao n\u00edvel do topo dos pellets. Em seguida, coloque uma tampa e deixe-os absorver a \u00e1gua, agitando-os a cada 5 minutos para garantir que a \u00e1gua \u00e9 distribu\u00edda uniformemente atrav\u00e9s dos pellets. Ap\u00f3s cerca de 30 minutos, os granulados ter\u00e3o absorvido toda a \u00e1gua e ter\u00e3o a consist\u00eancia perfeita para serem utilizados num alimentador de granulados.<\/p>\n<p>Os pellets Fin Perfect Feed Pellets cont\u00eam farinha de peixe de qualidade superior altamente diger\u00edvel, juntamente com uma quantidade reduzida de \u00f3leo de peixe, o que os torna os pellets perfeitos para qualquer local comercial e para todos os peixes grosseiros, especialmente carpas e skimmers.<\/p>\n<p>&nbsp;<\/p>\n<p><strong>6mm Fin Perfect Feed Pellets.<\/strong><\/p>\n<p>Os pellets de ra\u00e7\u00e3o de 6 mm s\u00e3o mais frequentemente utilizados para catapultar na pesca com canas e, por isso, os pellets t\u00eam de ter uma forma uniforme para garantir que todos aterram \u00e0 volta da boia e t\u00eam uma densidade elevada para poderem ser disparados mais longe.<\/p>\n<p>Os Fin Perfect Feed Pellets de 6 mm s\u00e3o ideais para este fim, n\u00e3o requerem qualquer prepara\u00e7\u00e3o e est\u00e3o prontos a usar diretamente do saco.<\/p>\n<p>Os Fin Perfect Feed Pellets cont\u00eam farinha de peixe de qualidade superior, altamente diger\u00edvel, juntamente com uma pequena quantidade de \u00f3leo de peixe, o que os torna os pellets perfeitos para qualquer local comercial e para todos os peixes grosseiros, especialmente carpas e skimmers.<\/p>\n<p>&nbsp;<\/p>\n<p><strong>8mm Fin Perfect Feed Pellets<\/strong><\/p>\n<p>Os pellets de ra\u00e7\u00e3o de 8 mm s\u00e3o mais frequentemente utilizados para catapultar quando se pesca com bomba, comedouro ou waggler e, por isso, os pellets t\u00eam de ter uma forma uniforme para garantir que todos aterram \u00e0 volta do flutuador e t\u00eam uma densidade elevada para poderem ser disparados mais longe.<\/p>\n<p>Os Fin Perfect Feed Pellets de 8 mm s\u00e3o ideais para este efeito, n\u00e3o requerem qualquer prepara\u00e7\u00e3o e est\u00e3o prontos a usar diretamente do saco.<\/p>\n<p>Os Fin Perfect Feed Pellets cont\u00eam farinha de peixe de qualidade superior, altamente diger\u00edvel, juntamente com uma quantidade reduzida de \u00f3leo de peixe, o que os torna os pellets perfeitos para qualquer local comercial e para todos os peixes grosseiros, especialmente carpas e skimmers.<\/p>","protected":false},"excerpt":{"rendered":"<p>Fin Perfect Feed Pellets &nbsp; Pellets de 2mm Fin Perfect Feed Andy Findlay inventou o Flat Bed Method Feeder e estes s\u00e3o os granulados que ele usa. Existem v\u00e1rias maneiras de preparar os Fin Perfect Feed Pellets para o Method Feeder, tais como submergi-los em \u00e1gua durante 2 minutos e depois dren\u00e1-los, ou adicionar \u00e1gua [&hellip;]<\/p>\n","protected":false},"featured_media":91033,"comment_status":"open","ping_status":"closed","template":"","meta":{"_acf_changed":false},"product_brand":[1504],"product_cat":[5491,5500],"product_tag":[],"class_list":{"0":"post-107118","1":"product","2":"type-product","3":"status-publish","4":"has-post-thumbnail","6":"product_brand-sonubaits","7":"product_cat-engodo-terra-aditivo","8":"product_cat-engodo-terra-aditivo-pellets","10":"first","11":"instock","12":"shipping-taxable","13":"purchasable","14":"product-type-variable"},"acf":[],"_links":{"self":[{"href":"https:\/\/sopesca.pt\/en\/wp-json\/wp\/v2\/product\/107118","targetHints":{"allow":["GET"]}}],"collection":[{"href":"https:\/\/sopesca.pt\/en\/wp-json\/wp\/v2\/product"}],"about":[{"href":"https:\/\/sopesca.pt\/en\/wp-json\/wp\/v2\/types\/product"}],"replies":[{"embeddable":true,"href":"https:\/\/sopesca.pt\/en\/wp-json\/wp\/v2\/comments?post=107118"}],"wp:featuredmedia":[{"embeddable":true,"href":"https:\/\/sopesca.pt\/en\/wp-json\/wp\/v2\/media\/91033"}],"wp:attachment":[{"href":"https:\/\/sopesca.pt\/en\/wp-json\/wp\/v2\/media?parent=107118"}],"wp:term":[{"taxonomy":"product_brand","embeddable":true,"href":"https:\/\/sopesca.pt\/en\/wp-json\/wp\/v2\/product_brand?post=107118"},{"taxonomy":"product_cat","embeddable":true,"href":"https:\/\/sopesca.pt\/en\/wp-json\/wp\/v2\/product_cat?post=107118"},{"taxonomy":"product_tag","embeddable":true,"href":"https:\/\/sopesca.pt\/en\/wp-json\/wp\/v2\/product_tag?post=107118"}],"curies":[{"name":"wp","href":"https:\/\/api.w.org\/{rel}","templated":true}]}}