{"id":107266,"date":"2026-02-22T00:00:35","date_gmt":"2026-02-22T00:00:35","guid":{"rendered":"http:\/\/matchbaits.pt\/?post_type=product&#038;p=107266"},"modified":"2026-03-04T22:54:50","modified_gmt":"2026-03-04T22:54:50","slug":"mf-carp-strong","status":"publish","type":"product","link":"https:\/\/sopesca.pt\/en\/product\/mf-carp-strong\/","title":{"rendered":"MF Carp Strong"},"content":{"rendered":"<h2>MF Carp Strong<\/h2>\n<p>&nbsp;<\/p>\n<p>Uma boia muito forte com fio passante no seu interior. Antena oca \u00a0bicolor que permite pescar com iscos volumosos (milho, minhocas, pellets, etc) mas ao mesmo tempo sinalizar a perman\u00eancia ou n\u00e3o dos iscos no anzol.<\/p>\n<p>Indicada para a pesca das carpas.<\/p>\n<p><strong>Dispon\u00edvel em: <\/strong>0.20 \/ 0.30 \/ 0.50 \/ 0.75 \/ 1g<\/p>","protected":false},"excerpt":{"rendered":"<p>MF Carp Strong &nbsp; Uma boia muito forte com fio passante no seu interior. Antena oca \u00a0bicolor que permite pescar com iscos volumosos (milho, minhocas, pellets, etc) mas ao mesmo tempo sinalizar a perman\u00eancia ou n\u00e3o dos iscos no anzol. Indicada para a pesca das carpas. Dispon\u00edvel em: 0.20 \/ 0.30 \/ 0.50 \/ 0.75 [&hellip;]<\/p>\n","protected":false},"featured_media":108679,"comment_status":"open","ping_status":"closed","template":"","meta":{"_acf_changed":false},"product_brand":[2814,704],"product_cat":[2267,2266],"product_tag":[],"class_list":{"0":"post-107266","1":"product","2":"type-product","3":"status-publish","4":"has-post-thumbnail","6":"product_brand-matchbaits","7":"product_brand-matchfloat","8":"product_cat-boias","9":"product_cat-boias-francesa","11":"first","12":"instock","13":"shipping-taxable","14":"product-type-variable"},"acf":[],"_links":{"self":[{"href":"https:\/\/sopesca.pt\/en\/wp-json\/wp\/v2\/product\/107266","targetHints":{"allow":["GET"]}}],"collection":[{"href":"https:\/\/sopesca.pt\/en\/wp-json\/wp\/v2\/product"}],"about":[{"href":"https:\/\/sopesca.pt\/en\/wp-json\/wp\/v2\/types\/product"}],"replies":[{"embeddable":true,"href":"https:\/\/sopesca.pt\/en\/wp-json\/wp\/v2\/comments?post=107266"}],"wp:featuredmedia":[{"embeddable":true,"href":"https:\/\/sopesca.pt\/en\/wp-json\/wp\/v2\/media\/108679"}],"wp:attachment":[{"href":"https:\/\/sopesca.pt\/en\/wp-json\/wp\/v2\/media?parent=107266"}],"wp:term":[{"taxonomy":"product_brand","embeddable":true,"href":"https:\/\/sopesca.pt\/en\/wp-json\/wp\/v2\/product_brand?post=107266"},{"taxonomy":"product_cat","embeddable":true,"href":"https:\/\/sopesca.pt\/en\/wp-json\/wp\/v2\/product_cat?post=107266"},{"taxonomy":"product_tag","embeddable":true,"href":"https:\/\/sopesca.pt\/en\/wp-json\/wp\/v2\/product_tag?post=107266"}],"curies":[{"name":"wp","href":"https:\/\/api.w.org\/{rel}","templated":true}]}}