{"id":107406,"date":"2026-02-22T00:01:06","date_gmt":"2026-02-22T00:01:06","guid":{"rendered":"http:\/\/matchbaits.pt\/produto\/carbon-euro-match-landing-net\/"},"modified":"2026-02-23T17:41:14","modified_gmt":"2026-02-23T17:41:14","slug":"carbon-euro-match-landing-net","status":"publish","type":"product","link":"https:\/\/sopesca.pt\/en\/product\/carbon-euro-match-landing-net\/","title":{"rendered":"Carbon Euro Match Landing Net"},"content":{"rendered":"<h2>Carbon Euro Match Landing Net<\/h2>\n<p>&nbsp;<\/p>\n<p>Constru\u00edda com uma estrutura de carbono forte e leve, esta rede de aterragem oferece uma boa redu\u00e7\u00e3o de peso em rela\u00e7\u00e3o \u00e0s alternativas com estrutura de alum\u00ednio, sendo tamb\u00e9m super r\u00edgida. Isto torna muito mais f\u00e1cil manobrar a rede de aterragem na \u00e1gua sem comprometer a sua resist\u00eancia.<br \/>\nJuntamente com a malha de nylon leve, esta rede de aterragem \u00e9 incrivelmente leve, tornando-a um sonho para utilizar com um cabo longo.<\/p>\n<p>&nbsp;<\/p>\n<p><strong>Carater\u00edsticas<\/strong><\/p>\n<ul>\n<li>Estrutura em carbono forte e leve<\/li>\n<li>Malha dur\u00e1vel<\/li>\n<li>Dispon\u00edvel em 16\u201c\/40cm e 18\u201d\/45cm<\/li>\n<\/ul>","protected":false},"excerpt":{"rendered":"<p>Carbon Euro Match Landing Net &nbsp; Constru\u00edda com uma estrutura de carbono forte e leve, esta rede de aterragem oferece uma boa redu\u00e7\u00e3o de peso em rela\u00e7\u00e3o \u00e0s alternativas com estrutura de alum\u00ednio, sendo tamb\u00e9m super r\u00edgida. Isto torna muito mais f\u00e1cil manobrar a rede de aterragem na \u00e1gua sem comprometer a sua resist\u00eancia. Juntamente [&hellip;]<\/p>\n","protected":false},"featured_media":90955,"comment_status":"open","ping_status":"closed","template":"","meta":{"_acf_changed":false},"product_brand":[153],"product_cat":[2317,5489],"product_tag":[],"class_list":{"0":"post-107406","1":"product","2":"type-product","3":"status-publish","4":"has-post-thumbnail","6":"product_brand-preston","7":"product_cat-redes-guarda-chuvas-bocas-de-camaroeiro","8":"product_cat-redes-guarda-chuvas","10":"first","11":"instock","12":"shipping-taxable","13":"product-type-variable"},"acf":[],"_links":{"self":[{"href":"https:\/\/sopesca.pt\/en\/wp-json\/wp\/v2\/product\/107406","targetHints":{"allow":["GET"]}}],"collection":[{"href":"https:\/\/sopesca.pt\/en\/wp-json\/wp\/v2\/product"}],"about":[{"href":"https:\/\/sopesca.pt\/en\/wp-json\/wp\/v2\/types\/product"}],"replies":[{"embeddable":true,"href":"https:\/\/sopesca.pt\/en\/wp-json\/wp\/v2\/comments?post=107406"}],"wp:featuredmedia":[{"embeddable":true,"href":"https:\/\/sopesca.pt\/en\/wp-json\/wp\/v2\/media\/90955"}],"wp:attachment":[{"href":"https:\/\/sopesca.pt\/en\/wp-json\/wp\/v2\/media?parent=107406"}],"wp:term":[{"taxonomy":"product_brand","embeddable":true,"href":"https:\/\/sopesca.pt\/en\/wp-json\/wp\/v2\/product_brand?post=107406"},{"taxonomy":"product_cat","embeddable":true,"href":"https:\/\/sopesca.pt\/en\/wp-json\/wp\/v2\/product_cat?post=107406"},{"taxonomy":"product_tag","embeddable":true,"href":"https:\/\/sopesca.pt\/en\/wp-json\/wp\/v2\/product_tag?post=107406"}],"curies":[{"name":"wp","href":"https:\/\/api.w.org\/{rel}","templated":true}]}}