{"id":107547,"date":"2026-02-22T00:01:36","date_gmt":"2026-02-22T00:01:36","guid":{"rendered":"http:\/\/matchbaits.pt\/?post_type=product&#038;p=107547"},"modified":"2026-03-17T18:07:42","modified_gmt":"2026-03-17T18:07:42","slug":"supera-x-6-rod-185","status":"publish","type":"product","link":"https:\/\/sopesca.pt\/en\/product\/supera-x-6-rod-185\/","title":{"rendered":"SUPERA X COMPACT READY ROD"},"content":{"rendered":"<h2>SUPERA X COMPACT READY ROD<\/h2>\n<p>&nbsp;<\/p>\n<p>A escolha ideal para o pescador que precisa apenas de uma cana, este saco compacto para canas oferece prote\u00e7\u00e3o adequada ao seu conte\u00fado, mantendo um perfil reduzido, perfeito para o transporte.<\/p>\n<p>&nbsp;<\/p>\n<p><strong>Carater\u00edsticas<\/strong><\/p>\n<ul>\n<li>Casca exterior r\u00edgida<\/li>\n<li>Pontos de fixa\u00e7\u00e3o internos<\/li>\n<li>Fechos fortes e de grandes dimens\u00f5es<\/li>\n<li>Pega de transporte acolchoada<\/li>\n<li>Material 840D f\u00e1cil de limpar<\/li>\n<li>178 x 17 x 13 cm<\/li>\n<\/ul>","protected":false},"excerpt":{"rendered":"<p>SUPERA X COMPACT READY ROD &nbsp; A escolha ideal para o pescador que precisa apenas de uma cana, este saco compacto para canas oferece prote\u00e7\u00e3o adequada ao seu conte\u00fado, mantendo um perfil reduzido, perfeito para o transporte. &nbsp; Carater\u00edsticas Casca exterior r\u00edgida Pontos de fixa\u00e7\u00e3o internos Fechos fortes e de grandes dimens\u00f5es Pega de transporte [&hellip;]<\/p>\n","protected":false},"featured_media":109194,"comment_status":"open","ping_status":"closed","template":"","meta":{"_acf_changed":false},"product_brand":[153],"product_cat":[2324,2325],"product_tag":[],"class_list":{"0":"post-107547","1":"product","2":"type-product","3":"status-publish","4":"has-post-thumbnail","6":"product_brand-preston","7":"product_cat-sacos-alcofas","8":"product_cat-sacos-alcofas-sacos-de-canas","10":"first","11":"instock","12":"shipping-taxable","13":"purchasable","14":"product-type-variable"},"acf":[],"_links":{"self":[{"href":"https:\/\/sopesca.pt\/en\/wp-json\/wp\/v2\/product\/107547","targetHints":{"allow":["GET"]}}],"collection":[{"href":"https:\/\/sopesca.pt\/en\/wp-json\/wp\/v2\/product"}],"about":[{"href":"https:\/\/sopesca.pt\/en\/wp-json\/wp\/v2\/types\/product"}],"replies":[{"embeddable":true,"href":"https:\/\/sopesca.pt\/en\/wp-json\/wp\/v2\/comments?post=107547"}],"wp:featuredmedia":[{"embeddable":true,"href":"https:\/\/sopesca.pt\/en\/wp-json\/wp\/v2\/media\/109194"}],"wp:attachment":[{"href":"https:\/\/sopesca.pt\/en\/wp-json\/wp\/v2\/media?parent=107547"}],"wp:term":[{"taxonomy":"product_brand","embeddable":true,"href":"https:\/\/sopesca.pt\/en\/wp-json\/wp\/v2\/product_brand?post=107547"},{"taxonomy":"product_cat","embeddable":true,"href":"https:\/\/sopesca.pt\/en\/wp-json\/wp\/v2\/product_cat?post=107547"},{"taxonomy":"product_tag","embeddable":true,"href":"https:\/\/sopesca.pt\/en\/wp-json\/wp\/v2\/product_tag?post=107547"}],"curies":[{"name":"wp","href":"https:\/\/api.w.org\/{rel}","templated":true}]}}