{"id":108325,"date":"2026-02-22T00:58:10","date_gmt":"2026-02-22T00:58:10","guid":{"rendered":"http:\/\/matchbaits.pt\/?post_type=product&#038;p=108325"},"modified":"2026-02-24T15:47:43","modified_gmt":"2026-02-24T15:47:43","slug":"uv-protective-long-sleeve-t-shirt","status":"publish","type":"product","link":"https:\/\/sopesca.pt\/en\/product\/uv-protective-long-sleeve-t-shirt\/","title":{"rendered":"UV Protective Long Sleeve T-Shirt"},"content":{"rendered":"<h2>Matrix UV Protective Long Sleeve T-Shirt<\/h2>\n<p>&nbsp;<\/p>\n<ul>\n<li>Concebido para usar como camada base.<\/li>\n<li>As mangas compridas ajudam a proteger os bra\u00e7os da exposi\u00e7\u00e3o solar.<\/li>\n<li>Tecido com classifica\u00e7\u00e3o UPF40+.<\/li>\n<li>Tecido leve e respir\u00e1vel.<\/li>\n<li>Pain\u00e9is de malha sob as axilas para aumentar a ventila\u00e7\u00e3o.<\/li>\n<li>Tecido cinzento claro para refletir o calor.<\/li>\n<li>Dispon\u00edvel nos tamanhos S a XXXL.<\/li>\n<li>90% poli\u00e9ster, 10% elastano.<\/li>\n<\/ul>","protected":false},"excerpt":{"rendered":"<p>Matrix UV Protective Long Sleeve T-Shirt &nbsp; Concebido para usar como camada base. As mangas compridas ajudam a proteger os bra\u00e7os da exposi\u00e7\u00e3o solar. Tecido com classifica\u00e7\u00e3o UPF40+. Tecido leve e respir\u00e1vel. Pain\u00e9is de malha sob as axilas para aumentar a ventila\u00e7\u00e3o. Tecido cinzento claro para refletir o calor. Dispon\u00edvel nos tamanhos S a XXXL. [&hellip;]<\/p>\n","protected":false},"featured_media":108226,"comment_status":"open","ping_status":"closed","template":"","meta":{"_acf_changed":false},"product_brand":[579],"product_cat":[2378,2384],"product_tag":[],"class_list":{"0":"post-108325","1":"product","2":"type-product","3":"status-publish","4":"has-post-thumbnail","6":"product_brand-matrix","7":"product_cat-roupa-botas","8":"product_cat-roupa-botas-sweats","10":"first","11":"instock","12":"shipping-taxable","13":"product-type-variable"},"acf":[],"_links":{"self":[{"href":"https:\/\/sopesca.pt\/en\/wp-json\/wp\/v2\/product\/108325","targetHints":{"allow":["GET"]}}],"collection":[{"href":"https:\/\/sopesca.pt\/en\/wp-json\/wp\/v2\/product"}],"about":[{"href":"https:\/\/sopesca.pt\/en\/wp-json\/wp\/v2\/types\/product"}],"replies":[{"embeddable":true,"href":"https:\/\/sopesca.pt\/en\/wp-json\/wp\/v2\/comments?post=108325"}],"wp:featuredmedia":[{"embeddable":true,"href":"https:\/\/sopesca.pt\/en\/wp-json\/wp\/v2\/media\/108226"}],"wp:attachment":[{"href":"https:\/\/sopesca.pt\/en\/wp-json\/wp\/v2\/media?parent=108325"}],"wp:term":[{"taxonomy":"product_brand","embeddable":true,"href":"https:\/\/sopesca.pt\/en\/wp-json\/wp\/v2\/product_brand?post=108325"},{"taxonomy":"product_cat","embeddable":true,"href":"https:\/\/sopesca.pt\/en\/wp-json\/wp\/v2\/product_cat?post=108325"},{"taxonomy":"product_tag","embeddable":true,"href":"https:\/\/sopesca.pt\/en\/wp-json\/wp\/v2\/product_tag?post=108325"}],"curies":[{"name":"wp","href":"https:\/\/api.w.org\/{rel}","templated":true}]}}